{"id":314,"date":"2020-01-06T08:20:17","date_gmt":"2020-01-06T08:20:17","guid":{"rendered":"http:\/\/dotweb.com.br\/desenv?page_id=314"},"modified":"2025-06-27T16:22:24","modified_gmt":"2025-06-27T16:22:24","slug":"biografia","status":"publish","type":"page","link":"https:\/\/beatrizmilhazes.com\/?page_id=314","title":{"rendered":"Biografia"},"content":{"rendered":"<section class=\"wpb-content-wrapper\"><p>[vc_row][vc_column width=&#8221;1\/2&#8243;][vc_column_text]<\/p>\n<h2>Beatriz Milhazes, 1960, vive e trabalha no Rio de Janeiro.<\/h2>\n<p>\u00c9 formada em Comunica\u00e7\u00e3o Social. Ingressou na Escola de Artes Visuais do Parque Lage em 1980, onde estudou at\u00e9 1983. Como professora de pintura e coordenadora de projetos educacionais, lecionou na mesma institui\u00e7\u00e3o de 1986 at\u00e9 1996.<\/p>\n<p>Milhazes \u00e9 considerada uma das mais importantes artistas brasileiras e internacionais. Participou do Carnegie International, (1995); Bienal de Sydney (1998); Bienal de S\u00e3o Paulo (1998, 2004); Bienal de Shangai (2006) e Bienal de Veneza (2003, 2024).<\/p>\n<p>Teve in\u00fameras exposi\u00e7\u00f5es individuais, retrospectivas e com um panorama atual de seu trabalho em museus e institui\u00e7\u00f5es prestigiosas, como Pinacoteca do Estado de S\u00e3o Paulo, S\u00e3o Paulo (2008); Fondation Cartier, Paris (2009); Fondation Beyeler, Basel (2011); Funda\u00e7\u00e3o Calouste Gulbenkian, Lisboa (2012); MALBA &#8211; Museo de Arte Latinoamericano, Buenos Aires (2012); Pa\u00e7o Imperial, Rio de Janeiro (2013), P\u00e9rez Art Museum, Miami (2014\/2015), MASP, S\u00e3o Paulo (2020), Long Museum, Shanghai (2021), Turner Contemporary, Margate (2023), Tate St Ives, St Ives (2024) e Solomon R. Guggenheim Museum, New York (2025).<\/p>\n<p>Suas obras integram cole\u00e7\u00f5es de importantes museus e institui\u00e7\u00f5es, como Metropolitan Museum of Art, New York; MoMA \u2013 The Museum of Modern Art, New York; Solomon R. Guggenheim Museum, New York; SFMoMA \u2013 San Francisco Museum of Modern Art, San Francisco; MNBA \u2013 Museu Nacional de Belas Artes, Rio de Janeiro; Pinacoteca do Estado de S\u00e3o Paulo, S\u00e3o Paulo; Instituto Ita\u00fa Cultural, S\u00e3o Paulo; Funda\u00e7\u00e3o Edson Queiroz, Fortaleza; Museum of Contemporary Art, Tokyo; 21st Century Museum of Contemporary Art, Kanazawa; Museo Nacional Centro de Arte Reina Sofia, Madri; Fondation Beyeler, Basel; Centre Georges Pompidou, Paris; Tate Modern, Londres.<\/p>\n<p>\u00c9 representada pelas galerias de arte Fortes D&#8217;Aloia e Gabriel (FDAG), S\u00e3o Paulo; Max Hetzler Gallery, Berlin; White Cube, Londres e Pace Gallery, New York, onde tem desenvolvido diversas exposi\u00e7\u00f5es individuais.[\/vc_column_text][vc_btn title=&#8221;Biografia Download (PDF)&#8221; css_animation=&#8221;none&#8221; link=&#8221;url:https%3A%2F%2Fbeatrizmilhazes.com%2Fwp-content%2Fuploads%2F2025%2F06%2F2025_06_Beatriz-Milhazes_Biografia_PORT.pdf|target:_blank&#8221;][\/vc_column][vc_column width=&#8221;1\/2&#8243;][vc_gallery type=&#8221;nivo&#8221; interval=&#8221;3&#8243; images=&#8221;431,1847,435&#8243; img_size=&#8221;full&#8221; onclick=&#8221;&#8221; css_animation=&#8221;none&#8221;][\/vc_column][\/vc_row]<\/p>\n<\/section>","protected":false},"excerpt":{"rendered":"<p>[vc_row][vc_column width=&#8221;1\/2&#8243;][vc_column_text] Beatriz Milhazes, 1960, vive e trabalha no Rio de Janeiro. \u00c9 formada em Comunica\u00e7\u00e3o Social. Ingressou na Escola de Artes Visuais do Parque Lage em 1980, onde estudou at\u00e9 1983. Como professora de pintura e coordenadora de projetos educacionais, lecionou na mesma institui\u00e7\u00e3o de 1986 at\u00e9 1996. Milhazes \u00e9 considerada uma das mais [&hellip;]<\/p>\n","protected":false},"author":1,"featured_media":0,"parent":0,"menu_order":0,"comment_status":"closed","ping_status":"closed","template":"","meta":[],"yoast_head":"<!-- This site is optimized with the Yoast SEO plugin v21.0 - https:\/\/yoast.com\/wordpress\/plugins\/seo\/ -->\n<title>Biografia - Beatriz Milhazes<\/title>\n<meta name=\"robots\" content=\"index, follow, max-snippet:-1, max-image-preview:large, max-video-preview:-1\" \/>\n<link rel=\"canonical\" href=\"https:\/\/beatrizmilhazes.com\/?page_id=314\" \/>\n<meta property=\"og:locale\" content=\"pt_BR\" \/>\n<meta property=\"og:type\" content=\"article\" \/>\n<meta property=\"og:title\" content=\"Biografia - Beatriz Milhazes\" \/>\n<meta property=\"og:description\" content=\"[vc_row][vc_column width=&#8221;1\/2&#8243;][vc_column_text] Beatriz Milhazes, 1960, vive e trabalha no Rio de Janeiro. \u00c9 formada em Comunica\u00e7\u00e3o Social. Ingressou na Escola de Artes Visuais do Parque Lage em 1980, onde estudou at\u00e9 1983. Como professora de pintura e coordenadora de projetos educacionais, lecionou na mesma institui\u00e7\u00e3o de 1986 at\u00e9 1996. Milhazes \u00e9 considerada uma das mais [&hellip;]\" \/>\n<meta property=\"og:url\" content=\"https:\/\/beatrizmilhazes.com\/?page_id=314\" \/>\n<meta property=\"og:site_name\" content=\"Beatriz Milhazes\" \/>\n<meta property=\"article:modified_time\" content=\"2025-06-27T16:22:24+00:00\" \/>\n<meta name=\"twitter:card\" content=\"summary_large_image\" \/>\n<meta name=\"twitter:label1\" content=\"Est. tempo de leitura\" \/>\n\t<meta name=\"twitter:data1\" content=\"2 minutos\" \/>\n<script type=\"application\/ld+json\" class=\"yoast-schema-graph\">{\"@context\":\"https:\/\/schema.org\",\"@graph\":[{\"@type\":\"WebPage\",\"@id\":\"https:\/\/beatrizmilhazes.com\/?page_id=314\",\"url\":\"https:\/\/beatrizmilhazes.com\/?page_id=314\",\"name\":\"Biografia - Beatriz Milhazes\",\"isPartOf\":{\"@id\":\"https:\/\/beatrizmilhazes.com\/#website\"},\"datePublished\":\"2020-01-06T08:20:17+00:00\",\"dateModified\":\"2025-06-27T16:22:24+00:00\",\"breadcrumb\":{\"@id\":\"https:\/\/beatrizmilhazes.com\/?page_id=314#breadcrumb\"},\"inLanguage\":\"pt-BR\",\"potentialAction\":[{\"@type\":\"ReadAction\",\"target\":[\"https:\/\/beatrizmilhazes.com\/?page_id=314\"]}]},{\"@type\":\"BreadcrumbList\",\"@id\":\"https:\/\/beatrizmilhazes.com\/?page_id=314#breadcrumb\",\"itemListElement\":[{\"@type\":\"ListItem\",\"position\":1,\"name\":\"In\u00edcio\",\"item\":\"https:\/\/beatrizmilhazes.com\/\"},{\"@type\":\"ListItem\",\"position\":2,\"name\":\"Biografia\"}]},{\"@type\":\"WebSite\",\"@id\":\"https:\/\/beatrizmilhazes.com\/#website\",\"url\":\"https:\/\/beatrizmilhazes.com\/\",\"name\":\"Beatriz Milhazes\",\"description\":\"Artista Pl\u00e1stica\",\"potentialAction\":[{\"@type\":\"SearchAction\",\"target\":{\"@type\":\"EntryPoint\",\"urlTemplate\":\"https:\/\/beatrizmilhazes.com\/?s={search_term_string}\"},\"query-input\":\"required name=search_term_string\"}],\"inLanguage\":\"pt-BR\"}]}<\/script>\n<!-- \/ Yoast SEO plugin. -->","yoast_head_json":{"title":"Biografia - Beatriz Milhazes","robots":{"index":"index","follow":"follow","max-snippet":"max-snippet:-1","max-image-preview":"max-image-preview:large","max-video-preview":"max-video-preview:-1"},"canonical":"https:\/\/beatrizmilhazes.com\/?page_id=314","og_locale":"pt_BR","og_type":"article","og_title":"Biografia - Beatriz Milhazes","og_description":"[vc_row][vc_column width=&#8221;1\/2&#8243;][vc_column_text] Beatriz Milhazes, 1960, vive e trabalha no Rio de Janeiro. \u00c9 formada em Comunica\u00e7\u00e3o Social. Ingressou na Escola de Artes Visuais do Parque Lage em 1980, onde estudou at\u00e9 1983. Como professora de pintura e coordenadora de projetos educacionais, lecionou na mesma institui\u00e7\u00e3o de 1986 at\u00e9 1996. Milhazes \u00e9 considerada uma das mais [&hellip;]","og_url":"https:\/\/beatrizmilhazes.com\/?page_id=314","og_site_name":"Beatriz Milhazes","article_modified_time":"2025-06-27T16:22:24+00:00","twitter_card":"summary_large_image","twitter_misc":{"Est. tempo de leitura":"2 minutos"},"schema":{"@context":"https:\/\/schema.org","@graph":[{"@type":"WebPage","@id":"https:\/\/beatrizmilhazes.com\/?page_id=314","url":"https:\/\/beatrizmilhazes.com\/?page_id=314","name":"Biografia - Beatriz Milhazes","isPartOf":{"@id":"https:\/\/beatrizmilhazes.com\/#website"},"datePublished":"2020-01-06T08:20:17+00:00","dateModified":"2025-06-27T16:22:24+00:00","breadcrumb":{"@id":"https:\/\/beatrizmilhazes.com\/?page_id=314#breadcrumb"},"inLanguage":"pt-BR","potentialAction":[{"@type":"ReadAction","target":["https:\/\/beatrizmilhazes.com\/?page_id=314"]}]},{"@type":"BreadcrumbList","@id":"https:\/\/beatrizmilhazes.com\/?page_id=314#breadcrumb","itemListElement":[{"@type":"ListItem","position":1,"name":"In\u00edcio","item":"https:\/\/beatrizmilhazes.com\/"},{"@type":"ListItem","position":2,"name":"Biografia"}]},{"@type":"WebSite","@id":"https:\/\/beatrizmilhazes.com\/#website","url":"https:\/\/beatrizmilhazes.com\/","name":"Beatriz Milhazes","description":"Artista Pl\u00e1stica","potentialAction":[{"@type":"SearchAction","target":{"@type":"EntryPoint","urlTemplate":"https:\/\/beatrizmilhazes.com\/?s={search_term_string}"},"query-input":"required name=search_term_string"}],"inLanguage":"pt-BR"}]}},"_links":{"self":[{"href":"https:\/\/beatrizmilhazes.com\/index.php?rest_route=\/wp\/v2\/pages\/314"}],"collection":[{"href":"https:\/\/beatrizmilhazes.com\/index.php?rest_route=\/wp\/v2\/pages"}],"about":[{"href":"https:\/\/beatrizmilhazes.com\/index.php?rest_route=\/wp\/v2\/types\/page"}],"author":[{"embeddable":true,"href":"https:\/\/beatrizmilhazes.com\/index.php?rest_route=\/wp\/v2\/users\/1"}],"replies":[{"embeddable":true,"href":"https:\/\/beatrizmilhazes.com\/index.php?rest_route=%2Fwp%2Fv2%2Fcomments&post=314"}],"version-history":[{"count":44,"href":"https:\/\/beatrizmilhazes.com\/index.php?rest_route=\/wp\/v2\/pages\/314\/revisions"}],"predecessor-version":[{"id":3547,"href":"https:\/\/beatrizmilhazes.com\/index.php?rest_route=\/wp\/v2\/pages\/314\/revisions\/3547"}],"wp:attachment":[{"href":"https:\/\/beatrizmilhazes.com\/index.php?rest_route=%2Fwp%2Fv2%2Fmedia&parent=314"}],"curies":[{"name":"wp","href":"https:\/\/api.w.org\/{rel}","templated":true}]}}