{"id":2134,"date":"2020-12-07T18:46:46","date_gmt":"2020-12-07T18:46:46","guid":{"rendered":"http:\/\/dotweb.com.br\/desenv?page_id=2134"},"modified":"2026-01-06T19:38:27","modified_gmt":"2026-01-06T19:38:27","slug":"projects","status":"publish","type":"page","link":"https:\/\/beatrizmilhazes.com\/?page_id=2134&lang=en","title":{"rendered":"Projects"},"content":{"rendered":"<section class=\"entry-content dp-works\">\n<div class=\"pure-g\">\n<p><!--\n\n\n<div class=\"pure-u pure-u-1-2 pure-u-md-1-1\">--><br \/>\n<!-- COLAGENS \/ ANOS 2011\u2013 --><\/p>\n<div class=\"pure-u pure-u-1\">\n<h2 class=\"dp-works-series-title\"><a href=\"https:\/\/beatrizmilhazes.com\/?page_id=2135&#038;lang=en#print-1\">Galerie Max Hetzler<span style=\"float: right;\">Berlin, Germany<\/span><\/a><\/h2>\n<div class=\"dp-works-series-item cf\"><a class=\"dp-works-thumb\" href=\"https:\/\/beatrizmilhazes.com\/?page_id=2135&#038;lang=en#print-1\"><br \/>\n<img decoding=\"async\" src=\"https:\/\/beatrizmilhazes.com\/wp-content\/uploads\/2023\/12\/2023-009-waving-flowers-foto-holger-hiehaus-courtesy-galerie-max-hetzler-bm23-42154-baixa-300.jpg\" alt=\"\" \/><br \/>\n<\/a><!--<\/div>\n\n\n--><\/p>\n<\/div>\n<div class=\"bg-margin-for-link\"><input type='hidden' bg_collapse_expand='69f9d96bd371f9033116947' value='69f9d96bd371f9033116947'><input type='hidden' id='bg-show-more-text-69f9d96bd371f9033116947' value='About the project'><input type='hidden' id='bg-show-less-text-69f9d96bd371f9033116947' value='close...'><a id='bg-showmore-action-69f9d96bd371f9033116947' class='bg-showmore-plg-link bg-eye '  style=\" color:#72777c;;\" href='#'>About the project<\/a><div id='bg-showmore-hidden-69f9d96bd371f9033116947' ><\/p>\n<div class=\"observacao\">\n<p>Waving Flowers\u2028<br \/>\n2023\u2028<br \/>\nWall painting\u2028<br \/>\n350 x 1227 cm\u2028<br \/>\nPhoto Holger Niehaus \u2013 Cortesia Galeria Max Hetzler<\/p>\n<\/div>\n<p><\/div><\/div>\n<p><!--\n\n\n<div class=\"pure-u pure-u-1-2 pure-u-md-1-1\">--><br \/>\n<!-- COLAGENS \/ ANOS 2011\u2013 --><\/p>\n<div class=\"pure-u pure-u-1\">\n<h2 class=\"dp-works-series-title\"><a href=\"https:\/\/beatrizmilhazes.com\/?page_id=2135#print-2\">Vienna State Opera<span style=\"float:right\">Vienna, Austria<\/span><\/a><\/h2>\n<div class=\"dp-works-series-item cf\"><a class=\"dp-works-thumb\" href=\"https:\/\/beatrizmilhazes.com\/?page_id=2135&#038;lang=en#print-2\"><br \/>\n<img decoding=\"async\" src=\"https:\/\/beatrizmilhazes.com\/wp-content\/uploads\/2022\/02\/opera-de-viena-1p.jpg\" alt=\"\" \/><br \/>\n<\/a><a class=\"dp-works-thumb\" href=\"https:\/\/beatrizmilhazes.com\/?page_id=2135&#038;lang=en#print-3\"><br \/>\n<img decoding=\"async\" src=\"https:\/\/beatrizmilhazes.com\/wp-content\/uploads\/2022\/02\/opera-de-viena-2p.jpg\" alt=\"\" \/><br \/>\n<\/a><\/p>\n<p><!--<\/div>\n\n\n--><\/div>\n<div class=\"bg-margin-for-link\"><input type='hidden' bg_collapse_expand='69f9d96bd39a90074290732' value='69f9d96bd39a90074290732'><input type='hidden' id='bg-show-more-text-69f9d96bd39a90074290732' value='About the project'><input type='hidden' id='bg-show-less-text-69f9d96bd39a90074290732' value='close...'><a id='bg-showmore-action-69f9d96bd39a90074290732' class='bg-showmore-plg-link bg-eye '  style=\" color:#72777c;;\" href='#'>About the project<\/a><div id='bg-showmore-hidden-69f9d96bd39a90074290732' ><\/p>\n<div class=\"observacao\">\n<p>Pink Sunshine is on  the 24th edition of the \u201cSafety Curtain Project\u201d, a cooperation between mip \u2013 museum in progress and Vienna State Opera that, since 1988, transforms the safety curtain of the theater into an exhibition space for contemporary art.<\/p>\n<p>It can be seen by the audience before the performances, during the intermissions and at the end of the performances, until June 2022.<\/p>\n<p>This is the first work from a latin american women in the project, curated by Daniel Birbaum, Bice Curiger and Hans Ulrich Obrist.<\/p>\n<\/div>\n<p><\/div><\/div>\n<p><!--\n\n\n<div class=\"pure-u pure-u-1-2 pure-u-md-1-1\">--><br \/>\n<!-- COLAGENS \/ ANOS 2011\u2013 --><\/p>\n<div class=\"pure-u pure-u-1\">\n<h2 class=\"dp-works-series-title\"><a href=\"https:\/\/beatrizmilhazes.com\/?page_id=2135&#038;lang=en#print-4\"> Inujima &#8220;Art House Project&#8221; A-Art House<span style=\"float: right;\">Inujima Island, Japan <\/span><\/a><\/h2>\n<div class=\"dp-works-series-item cf\"><a class=\"dp-works-thumb\" href=\"https:\/\/beatrizmilhazes.com\/?page_id=2135&#038;lang=en#print-4\"><br \/>\n<img decoding=\"async\" src=\"https:\/\/beatrizmilhazes.com\/wp-content\/uploads\/2020\/11\/A7R3307_R-300.jpg\" alt=\"\" \/><br \/>\n<\/a><a class=\"dp-works-thumb\" href=\"https:\/\/beatrizmilhazes.com\/?page_id=2135&#038;lang=en#print-5\"><br \/>\n<img decoding=\"async\" src=\"https:\/\/beatrizmilhazes.com\/wp-content\/uploads\/2020\/11\/A7R3365_R-300.jpg\" alt=\"\" \/><br \/>\n<\/a><a class=\"dp-works-thumb\" href=\"https:\/\/beatrizmilhazes.com\/?page_id=2135&#038;lang=en#print-6\"><br \/>\n<img decoding=\"async\" src=\"https:\/\/beatrizmilhazes.com\/wp-content\/uploads\/2020\/11\/A7R4037_R-300.jpg\" alt=\"\" \/><br \/>\n<\/a><!--<\/div>\n\n\n--><\/p>\n<\/div>\n<div class=\"bg-margin-for-link\"><input type='hidden' bg_collapse_expand='69f9d96bd3aac4090607182' value='69f9d96bd3aac4090607182'><input type='hidden' id='bg-show-more-text-69f9d96bd3aac4090607182' value='About the project'><input type='hidden' id='bg-show-less-text-69f9d96bd3aac4090607182' value='close...'><a id='bg-showmore-action-69f9d96bd3aac4090607182' class='bg-showmore-plg-link bg-eye '  style=\" color:#72777c;;\" href='#'>About the project<\/a><div id='bg-showmore-hidden-69f9d96bd3aac4090607182' ><\/p>\n<div class=\"observacao\">\n<p>Yellow Flower Dream was developed to the Inujima \u201cArt House Project\u201d which has among its main objectives to bring revitalization to the islands in Seto Sea, Japan.<\/p>\n<p>It was created to the A-Art House, one of the houses\/galleries in the Inujima Island, with flower shape, project of architect Kazuyo Sejima.<\/p>\n<p>The work is composed by 17 panels of vinyl adhesive applied on the glass walls installed at the vortices of each petal. The yellow colour is predominant in the whole top and bottom structures.<\/p>\n<\/div>\n<p><\/div><\/div>\n<p><!--\n\n\n<h2 class=\"dp-works-series-title mobile-show\"><\/h2>\n\n\n--><br \/>\n<!--#######################################################--><br \/>\n<!--\n\n\n<div class=\"pure-u pure-u-1-2 pure-u-md-1-1\">\n\n--><\/p>\n<p><!--\n\n\n<div class=\"pure-u pure-u-1-2 pure-u-md-1-1\">--><br \/>\n<!-- COLAGENS \/ ANOS 2011\u2013 --><\/p>\n<div class=\"pure-u pure-u-1\">\n<h2 class=\"dp-works-series-title\"><a href=\"https:\/\/beatrizmilhazes.com\/?page_id=2135&#038;lang=en#print-7\">New York Presbyterian Hospital<span style=\"float: right;\">New York, USA<\/span><\/a><\/h2>\n<div class=\"dp-works-series-item cf\"><a class=\"dp-works-thumb\" href=\"https:\/\/beatrizmilhazes.com\/?page_id=2135&#038;lang=en#print-7\"><br \/>\n<img decoding=\"async\" src=\"https:\/\/beatrizmilhazes.com\/wp-content\/uploads\/2020\/11\/Paqueta\u0301_Photo-Brett-Moen-Courtesy-James-Cohan-Gallery_180414-nypresbyterian-002.jpg\" alt=\"\" \/><br \/>\n<\/a><a class=\"dp-works-thumb\" href=\"https:\/\/beatrizmilhazes.com\/?page_id=2135&#038;lang=en#print-8\"><br \/>\n<img decoding=\"async\" src=\"https:\/\/beatrizmilhazes.com\/wp-content\/uploads\/2020\/11\/001.20162018_Tuiuti-Foto-Brett-Moen-Cortesia-James-Cohan-Gallery180429_NYP0985.jpg\" alt=\"\" \/><br \/>\n<\/a><br \/>\n<!--<\/div>\n\n\n--><\/div>\n<p><!--\n\n\n<h2 class=\"dp-works-series-title mobile-show\"><\/h2>\n\n\n--><br \/>\n<!--#######################################################--><br \/>\n<!--\n\n\n<div class=\"pure-u pure-u-1-2 pure-u-md-1-1\">\n\n--><\/p>\n<p><!--\n\n\n<div class=\"pure-u pure-u-1-2 pure-u-md-1-1\">--><br \/>\n<!-- COLAGENS \/ ANOS 2011\u2013 --><\/p>\n<div class=\"pure-u pure-u-1\">\n<h2 class=\"dp-works-series-title\"><a href=\"https:\/\/beatrizmilhazes.com\/?page_id=2135&#038;lang=en#print-9\">Grace Farms Foundation<span style=\"float: right;\">New Canaan, CT, USA<\/span><\/a><\/h2>\n<div class=\"dp-works-series-item cf\"><a class=\"dp-works-thumb\" href=\"https:\/\/beatrizmilhazes.com\/?page_id=2135&#038;lang=en#print-9\"><br \/>\n<img decoding=\"async\" src=\"https:\/\/beatrizmilhazes.com\/wp-content\/uploads\/2020\/11\/004.2016_Moon-Love-Dreaming-Grace-Farms_Photo-Dean-Kaufman_DK-100816-004-2.jpg\" alt=\"\" \/><br \/>\n<\/a><a class=\"dp-works-thumb\" href=\"https:\/\/beatrizmilhazes.com\/?page_id=2135&#038;lang=en#print-10\"><br \/>\n<img decoding=\"async\" src=\"https:\/\/beatrizmilhazes.com\/wp-content\/uploads\/2020\/11\/004.2016_Moon-Love-Dreaming-Grace-Farms_Photo-Dean-Kaufman_DK-100816-010-2.jpg\" alt=\"\" \/><br \/>\n<\/a><br \/>\n<!--<\/div>\n\n\n--><\/div>\n<p><!--\n\n\n<h2 class=\"dp-works-series-title mobile-show\"><\/h2>\n\n\n--><br \/>\n<!--#######################################################--><br \/>\n<!--\n\n\n<div class=\"pure-u pure-u-1-2 pure-u-md-1-1\">\n\n--><\/p>\n<p><!--\n\n\n<div class=\"pure-u pure-u-1-2 pure-u-md-1-1\">--><br \/>\n<!-- COLAGENS \/ ANOS 2011\u2013 --><\/p>\n<div class=\"pure-u pure-u-1\">\n<h2 class=\"dp-works-series-title\"><a href=\"https:\/\/beatrizmilhazes.com\/?page_id=2135&#038;lang=en#print-11\">Fondation Cartier pour L&#8217; Art Contemporain<span style=\"float: right;\">Paris, France<\/span><\/a><\/h2>\n<div class=\"dp-works-series-item cf\"><a class=\"dp-works-thumb\" href=\"https:\/\/beatrizmilhazes.com\/?page_id=2135&#038;lang=en#print-11\"><br \/>\n<img decoding=\"async\" src=\"https:\/\/beatrizmilhazes.com\/wp-content\/uploads\/2020\/11\/7721-869-1080.jpg\" alt=\"\" \/><br \/>\n<\/a><a class=\"dp-works-thumb\" href=\"https:\/\/beatrizmilhazes.com\/?page_id=2135&#038;lang=en#print-12\"><br \/>\n<img decoding=\"async\" src=\"https:\/\/beatrizmilhazes.com\/wp-content\/uploads\/2020\/11\/Samambaia-1080.jpg\" alt=\"\" \/><br \/>\n<\/a><br \/>\n<!--<\/div>\n\n\n--><\/div>\n<p><!--\n\n\n<h2 class=\"dp-works-series-title mobile-show\"><\/h2>\n\n\n--><br \/>\n<!--#######################################################--><br \/>\n<!--\n\n\n<div class=\"pure-u pure-u-1-2 pure-u-md-1-1\">\n\n--><\/p>\n<p><!--\n\n\n<div class=\"pure-u pure-u-1-2 pure-u-md-1-1\">--><br \/>\n<!-- COLAGENS \/ ANOS 2011\u2013 --><\/p>\n<div class=\"pure-u pure-u-1\">\n<h2 class=\"dp-works-series-title\"><a href=\"https:\/\/beatrizmilhazes.com\/?page_id=2135&#038;lang=en#print-13\">Esta\u00e7\u00e3o Pinacoteca &#8211; Pinacoteca do Estado de S\u00e3o Paulo <span style=\"float: right;\">S\u00e3o Paulo, Brazil<\/span><\/a><\/h2>\n<div class=\"dp-works-series-item cf\"><a class=\"dp-works-thumb\" href=\"https:\/\/beatrizmilhazes.com\/?page_id=2135&#038;lang=en#print-13\"><br \/>\n<img decoding=\"async\" src=\"https:\/\/beatrizmilhazes.com\/wp-content\/uploads\/2020\/11\/IM_1998-1080.jpg\" alt=\"\" \/><br \/>\n<\/a><a class=\"dp-works-thumb\" href=\"https:\/\/beatrizmilhazes.com\/?page_id=2135&#038;lang=en#print-14\"><br \/>\n<img decoding=\"async\" src=\"https:\/\/beatrizmilhazes.com\/wp-content\/uploads\/2020\/11\/IM_1607-1080.jpg\" alt=\"\" \/><br \/>\n<\/a><br \/>\n<!--<\/div>\n\n\n--><\/div>\n<p><!--\n\n\n<h2 class=\"dp-works-series-title mobile-show\"><\/h2>\n\n\n--><br \/>\n<!--#######################################################--><br \/>\n<!--\n\n\n<div class=\"pure-u pure-u-1-2 pure-u-md-1-1\">\n\n--><\/p>\n<p><!--\n\n\n<div class=\"pure-u pure-u-1-2 pure-u-md-1-1\">--><br \/>\n<!-- COLAGENS \/ ANOS 2011\u2013 --><\/p>\n<div class=\"pure-u pure-u-1\">\n<h2 class=\"dp-works-series-title\"><a href=\"https:\/\/beatrizmilhazes.com\/?page_id=2135&#038;lang=en#print-15\">Plataform for Art Project<span style=\"float: right;\">Gloucester Road Station, London Underground, UK<\/span><\/a><\/h2>\n<div class=\"dp-works-series-item cf\"><a class=\"dp-works-thumb\" href=\"https:\/\/beatrizmilhazes.com\/?page_id=2135&#038;lang=en#print-15\"><br \/>\n<img decoding=\"async\" src=\"https:\/\/beatrizmilhazes.com\/wp-content\/uploads\/2020\/11\/PEACE-AND-LOVE__PfA01.158-1080.jpg\" alt=\"\" \/><br \/>\n<\/a><a class=\"dp-works-thumb\" href=\"https:\/\/beatrizmilhazes.com\/?page_id=2135&#038;lang=en#print-16\"><br \/>\n<img decoding=\"async\" src=\"https:\/\/beatrizmilhazes.com\/wp-content\/uploads\/2020\/11\/PfA01.003-300.jpg\" alt=\"\" \/><br \/>\n<\/a><a class=\"dp-works-thumb\" href=\"https:\/\/beatrizmilhazes.com\/?page_id=2135&#038;lang=en#print-17\"><br \/>\n<img decoding=\"async\" src=\"https:\/\/beatrizmilhazes.com\/wp-content\/uploads\/2020\/11\/PfA01.130-300.jpg\" alt=\"\" \/><br \/>\n<\/a><br \/>\n<!--<\/div>\n\n\n--><\/div>\n<p><!--\n\n\n<h2 class=\"dp-works-series-title mobile-show\"><\/h2>\n\n\n--><br \/>\n<!--#######################################################--><br \/>\n<!--\n\n\n<div class=\"pure-u pure-u-1-2 pure-u-md-1-1\">\n\n--><\/p>\n<p><!--\n\n\n<div class=\"pure-u pure-u-1-2 pure-u-md-1-1\">--><br \/>\n<!-- COLAGENS \/ ANOS 2011\u2013 --><\/p>\n<div class=\"pure-u pure-u-1\">\n<h2 class=\"dp-works-series-title\"><a href=\"https:\/\/beatrizmilhazes.com\/?page_id=2135&#038;lang=en#print-18\">Tate Modern Restaurant<span style=\"float: right;\">London, UK<\/span><\/a><\/h2>\n<div class=\"dp-works-series-item cf\"><a class=\"dp-works-thumb\" href=\"https:\/\/beatrizmilhazes.com\/?page_id=2135&#038;lang=en#print-18\"><br \/>\n<img decoding=\"async\" src=\"https:\/\/beatrizmilhazes.com\/wp-content\/uploads\/2020\/11\/Milhazes-Mural-15-300.jpg\" alt=\"\" \/><br \/>\n<\/a><a class=\"dp-works-thumb\" href=\"https:\/\/beatrizmilhazes.com\/?page_id=2135&#038;lang=en#print-19\"><br \/>\n<img decoding=\"async\" src=\"https:\/\/beatrizmilhazes.com\/wp-content\/uploads\/2020\/11\/Milhazes-Mural-06-300.jpg\" alt=\"\" \/><br \/>\n<\/a><br \/>\n<!--<\/div>\n\n\n--><\/div>\n<p><!--\n\n\n<h2 class=\"dp-works-series-title mobile-show\"><\/h2>\n\n\n--><br \/>\n<!--#######################################################--><br \/>\n<!--\n\n\n<div class=\"pure-u pure-u-1-2 pure-u-md-1-1\">\n\n--><\/p>\n<p><!--\n\n\n<div class=\"pure-u pure-u-1-2 pure-u-md-1-1\">--><br \/>\n<!-- COLAGENS \/ ANOS 2011\u2013 --><\/p>\n<div class=\"pure-u pure-u-1\">\n<h2 class=\"dp-works-series-title\"><a href=\"https:\/\/beatrizmilhazes.com\/?page_id=2135&#038;lang=en#print-20\">Selfridge&#8217;s &amp; Co<span style=\"float: right;\">Manchester, UK<\/span><\/a><\/h2>\n<div class=\"dp-works-series-item cf\"><a class=\"dp-works-thumb\" href=\"https:\/\/beatrizmilhazes.com\/?page_id=2135&#038;lang=en#print-20\"><br \/>\n<img decoding=\"async\" src=\"https:\/\/beatrizmilhazes.com\/wp-content\/uploads\/2020\/11\/S1-Selfridges-6-300.jpg\" alt=\"\" \/><br \/>\n<\/a><br \/>\n<!--<\/div>\n\n\n--><\/div>\n<div class=\"bg-margin-for-link\"><input type='hidden' bg_collapse_expand='69f9d96bd3b6d9045256436' value='69f9d96bd3b6d9045256436'><input type='hidden' id='bg-show-more-text-69f9d96bd3b6d9045256436' value='About the project'><input type='hidden' id='bg-show-less-text-69f9d96bd3b6d9045256436' value='close...'><a id='bg-showmore-action-69f9d96bd3b6d9045256436' class='bg-showmore-plg-link bg-eye '  style=\" color:#72777c;;\" href='#'>About the project<\/a><div id='bg-showmore-hidden-69f9d96bd3b6d9045256436' ><\/p>\n<div class=\"observacao\">\n<p>Work created to Selfridge\u2019s &amp; Co front facade, in the context of Brazil 40 graus project, curated by Adriano Pedrosa, that presented artists and aspects of the brazilian culture.<\/p>\n<p>This was the first mural, in 12 colours, produced and assembled with cuts of viny adhesive.<\/p>\n<\/div>\n<p><\/div><\/div>\n<p><!--\n\n\n<h2 class=\"dp-works-series-title mobile-show\"><\/h2>\n\n\n--><br \/>\n<!--#######################################################--><br \/>\n<!--\n\n\n<div class=\"pure-u pure-u-1-2 pure-u-md-1-1\">\n\n--><\/p>\n<\/div>\n<\/div>\n<\/div>\n<\/div>\n<\/div>\n<\/div>\n<\/div>\n<\/div>\n<\/div>\n<\/section>\n","protected":false},"excerpt":{"rendered":"<p>Galerie Max HetzlerBerlin, Germany Vienna State OperaVienna, Austria Inujima &#8220;Art House Project&#8221; A-Art HouseInujima Island, Japan New York Presbyterian HospitalNew York, USA Grace Farms FoundationNew Canaan, CT, USA Fondation Cartier pour L&#8217; Art ContemporainParis, France Esta\u00e7\u00e3o Pinacoteca &#8211; Pinacoteca do Estado de S\u00e3o Paulo S\u00e3o Paulo, Brazil Plataform for Art ProjectGloucester Road Station, London Underground, [&hellip;]<\/p>\n","protected":false},"author":1,"featured_media":0,"parent":0,"menu_order":0,"comment_status":"closed","ping_status":"closed","template":"","meta":[],"yoast_head":"<!-- This site is optimized with the Yoast SEO plugin v21.0 - https:\/\/yoast.com\/wordpress\/plugins\/seo\/ -->\n<title>Projects - Beatriz Milhazes<\/title>\n<meta name=\"robots\" content=\"index, follow, max-snippet:-1, max-image-preview:large, max-video-preview:-1\" \/>\n<link rel=\"canonical\" href=\"https:\/\/beatrizmilhazes.com\/?page_id=2134\" \/>\n<meta property=\"og:locale\" content=\"pt_BR\" \/>\n<meta property=\"og:type\" content=\"article\" \/>\n<meta property=\"og:title\" content=\"Projects - Beatriz Milhazes\" \/>\n<meta property=\"og:description\" content=\"Galerie Max HetzlerBerlin, Germany Vienna State OperaVienna, Austria Inujima &#8220;Art House Project&#8221; A-Art HouseInujima Island, Japan New York Presbyterian HospitalNew York, USA Grace Farms FoundationNew Canaan, CT, USA Fondation Cartier pour L&#8217; Art ContemporainParis, France Esta\u00e7\u00e3o Pinacoteca &#8211; Pinacoteca do Estado de S\u00e3o Paulo S\u00e3o Paulo, Brazil Plataform for Art ProjectGloucester Road Station, London Underground, [&hellip;]\" \/>\n<meta property=\"og:url\" content=\"https:\/\/beatrizmilhazes.com\/?page_id=2134&amp;lang=en\" \/>\n<meta property=\"og:site_name\" content=\"Beatriz Milhazes\" \/>\n<meta property=\"article:modified_time\" content=\"2026-01-06T19:38:27+00:00\" \/>\n<meta property=\"og:image\" content=\"https:\/\/beatrizmilhazes.com\/wp-content\/uploads\/2023\/12\/2023-009-waving-flowers-foto-holger-hiehaus-courtesy-galerie-max-hetzler-bm23-42154-baixa-300.jpg\" \/>\n<meta name=\"twitter:card\" content=\"summary_large_image\" \/>\n<meta name=\"twitter:label1\" content=\"Est. tempo de leitura\" \/>\n\t<meta name=\"twitter:data1\" content=\"6 minutos\" \/>\n<script type=\"application\/ld+json\" class=\"yoast-schema-graph\">{\"@context\":\"https:\/\/schema.org\",\"@graph\":[{\"@type\":\"WebPage\",\"@id\":\"https:\/\/beatrizmilhazes.com\/?page_id=2134&lang=en\",\"url\":\"https:\/\/beatrizmilhazes.com\/?page_id=2134&lang=en\",\"name\":\"Projects - Beatriz Milhazes\",\"isPartOf\":{\"@id\":\"https:\/\/beatrizmilhazes.com\/#website\"},\"datePublished\":\"2020-12-07T18:46:46+00:00\",\"dateModified\":\"2026-01-06T19:38:27+00:00\",\"breadcrumb\":{\"@id\":\"https:\/\/beatrizmilhazes.com\/?page_id=2134&lang=en#breadcrumb\"},\"inLanguage\":\"pt-BR\",\"potentialAction\":[{\"@type\":\"ReadAction\",\"target\":[\"https:\/\/beatrizmilhazes.com\/?page_id=2134&lang=en\"]}]},{\"@type\":\"BreadcrumbList\",\"@id\":\"https:\/\/beatrizmilhazes.com\/?page_id=2134&lang=en#breadcrumb\",\"itemListElement\":[{\"@type\":\"ListItem\",\"position\":1,\"name\":\"In\u00edcio\",\"item\":\"https:\/\/beatrizmilhazes.com\/\"},{\"@type\":\"ListItem\",\"position\":2,\"name\":\"Projects\"}]},{\"@type\":\"WebSite\",\"@id\":\"https:\/\/beatrizmilhazes.com\/#website\",\"url\":\"https:\/\/beatrizmilhazes.com\/\",\"name\":\"Beatriz Milhazes\",\"description\":\"Artista Pl\u00e1stica\",\"potentialAction\":[{\"@type\":\"SearchAction\",\"target\":{\"@type\":\"EntryPoint\",\"urlTemplate\":\"https:\/\/beatrizmilhazes.com\/?s={search_term_string}\"},\"query-input\":\"required name=search_term_string\"}],\"inLanguage\":\"pt-BR\"}]}<\/script>\n<!-- \/ Yoast SEO plugin. -->","yoast_head_json":{"title":"Projects - Beatriz Milhazes","robots":{"index":"index","follow":"follow","max-snippet":"max-snippet:-1","max-image-preview":"max-image-preview:large","max-video-preview":"max-video-preview:-1"},"canonical":"https:\/\/beatrizmilhazes.com\/?page_id=2134","og_locale":"pt_BR","og_type":"article","og_title":"Projects - Beatriz Milhazes","og_description":"Galerie Max HetzlerBerlin, Germany Vienna State OperaVienna, Austria Inujima &#8220;Art House Project&#8221; A-Art HouseInujima Island, Japan New York Presbyterian HospitalNew York, USA Grace Farms FoundationNew Canaan, CT, USA Fondation Cartier pour L&#8217; Art ContemporainParis, France Esta\u00e7\u00e3o Pinacoteca &#8211; Pinacoteca do Estado de S\u00e3o Paulo S\u00e3o Paulo, Brazil Plataform for Art ProjectGloucester Road Station, London Underground, [&hellip;]","og_url":"https:\/\/beatrizmilhazes.com\/?page_id=2134&lang=en","og_site_name":"Beatriz Milhazes","article_modified_time":"2026-01-06T19:38:27+00:00","og_image":[{"url":"https:\/\/beatrizmilhazes.com\/wp-content\/uploads\/2023\/12\/2023-009-waving-flowers-foto-holger-hiehaus-courtesy-galerie-max-hetzler-bm23-42154-baixa-300.jpg"}],"twitter_card":"summary_large_image","twitter_misc":{"Est. tempo de leitura":"6 minutos"},"schema":{"@context":"https:\/\/schema.org","@graph":[{"@type":"WebPage","@id":"https:\/\/beatrizmilhazes.com\/?page_id=2134&lang=en","url":"https:\/\/beatrizmilhazes.com\/?page_id=2134&lang=en","name":"Projects - Beatriz Milhazes","isPartOf":{"@id":"https:\/\/beatrizmilhazes.com\/#website"},"datePublished":"2020-12-07T18:46:46+00:00","dateModified":"2026-01-06T19:38:27+00:00","breadcrumb":{"@id":"https:\/\/beatrizmilhazes.com\/?page_id=2134&lang=en#breadcrumb"},"inLanguage":"pt-BR","potentialAction":[{"@type":"ReadAction","target":["https:\/\/beatrizmilhazes.com\/?page_id=2134&lang=en"]}]},{"@type":"BreadcrumbList","@id":"https:\/\/beatrizmilhazes.com\/?page_id=2134&lang=en#breadcrumb","itemListElement":[{"@type":"ListItem","position":1,"name":"In\u00edcio","item":"https:\/\/beatrizmilhazes.com\/"},{"@type":"ListItem","position":2,"name":"Projects"}]},{"@type":"WebSite","@id":"https:\/\/beatrizmilhazes.com\/#website","url":"https:\/\/beatrizmilhazes.com\/","name":"Beatriz Milhazes","description":"Artista Pl\u00e1stica","potentialAction":[{"@type":"SearchAction","target":{"@type":"EntryPoint","urlTemplate":"https:\/\/beatrizmilhazes.com\/?s={search_term_string}"},"query-input":"required name=search_term_string"}],"inLanguage":"pt-BR"}]}},"_links":{"self":[{"href":"https:\/\/beatrizmilhazes.com\/index.php?rest_route=\/wp\/v2\/pages\/2134"}],"collection":[{"href":"https:\/\/beatrizmilhazes.com\/index.php?rest_route=\/wp\/v2\/pages"}],"about":[{"href":"https:\/\/beatrizmilhazes.com\/index.php?rest_route=\/wp\/v2\/types\/page"}],"author":[{"embeddable":true,"href":"https:\/\/beatrizmilhazes.com\/index.php?rest_route=\/wp\/v2\/users\/1"}],"replies":[{"embeddable":true,"href":"https:\/\/beatrizmilhazes.com\/index.php?rest_route=%2Fwp%2Fv2%2Fcomments&post=2134"}],"version-history":[{"count":23,"href":"https:\/\/beatrizmilhazes.com\/index.php?rest_route=\/wp\/v2\/pages\/2134\/revisions"}],"predecessor-version":[{"id":3595,"href":"https:\/\/beatrizmilhazes.com\/index.php?rest_route=\/wp\/v2\/pages\/2134\/revisions\/3595"}],"wp:attachment":[{"href":"https:\/\/beatrizmilhazes.com\/index.php?rest_route=%2Fwp%2Fv2%2Fmedia&parent=2134"}],"curies":[{"name":"wp","href":"https:\/\/api.w.org\/{rel}","templated":true}]}}