{"id":1907,"date":"2020-11-30T04:10:48","date_gmt":"2020-11-30T04:10:48","guid":{"rendered":"http:\/\/dotweb.com.br\/desenv?page_id=1907"},"modified":"2024-07-31T01:27:19","modified_gmt":"2024-07-31T01:27:19","slug":"bibliografia-2","status":"publish","type":"page","link":"https:\/\/beatrizmilhazes.com\/?page_id=1907","title":{"rendered":"Bibliografia"},"content":{"rendered":"<div class=\"flex_column av_one_full  flex_column_div av-zero-column-padding first  avia-builder-el-0  el_before_av_one_half  avia-builder-el-first  \" style='margin-top:0px; margin-bottom:0px; border-radius:0px; '><section class=\"av_textblock_section \"  itemscope=\"itemscope\" itemtype=\"https:\/\/schema.org\/CreativeWork\" ><div class='avia_textblock  '   itemprop=\"text\" ><h1 id=\"biblioH1b\" style=\"color: #6c93ab; line-height: 1.1em; letter-spacing: 0px; text-transform: none; margin-top: 20px; font-family: 'museo_sans100', Arial, sans-serif !important;\">\u201cSe as 10 novas obras nesta mostra \u2013 sua primeira em Nova Iorque desde 2015 \u2013 n\u00e3o s\u00e3o as melhores de todas, s\u00e3o certamente as melhores at\u00e9 hoje exibidas na cidade. Mostram Beatriz no comando, expandindo suas refer\u00eancias, afiando sua composi\u00e7\u00e3o e transformando suas cores em pinturas espetaculares\u201d<\/h1>\n<\/div><\/section><\/div>\n<div class=\"flex_column av_one_half  flex_column_div av-zero-column-padding first  avia-builder-el-2  el_after_av_one_full  el_before_av_one_half  column-top-margin\" style='margin-top:0px; margin-bottom:0px; border-radius:0px; '><\/div>\n<div class=\"flex_column av_one_half  flex_column_div av-zero-column-padding   avia-builder-el-3  el_after_av_one_half  el_before_av_one_full  column-top-margin\" style='margin-top:0px; margin-bottom:0px; border-radius:0px; '><section class=\"av_textblock_section \"  itemscope=\"itemscope\" itemtype=\"https:\/\/schema.org\/CreativeWork\" ><div class='avia_textblock  '   itemprop=\"text\" ><h1 style=\"text-align: right; font-size: 16px; color: #6c93ab; line-height: 1.2em; letter-spacing: .6px; text-transform: none;\"><strong>Smith, Roberta.<\/strong>\u201cWhat to See in N.Y.C. Galleries Right Now\u201d<br \/>\nNew York Times, 19 oct 2022.<\/h1>\n<\/div><\/section><\/div>\n<div class=\"flex_column av_one_full  flex_column_div av-zero-column-padding first  avia-builder-el-5  el_after_av_one_half  el_before_av_one_half  column-top-margin\" style='margin-top:0px; margin-bottom:0px; border-radius:0px; '><section class=\"av_textblock_section \"  itemscope=\"itemscope\" itemtype=\"https:\/\/schema.org\/CreativeWork\" ><div class='avia_textblock  '   itemprop=\"text\" ><h1 id=\"biblioH1b\" style=\"color: #6c93ab; line-height: 1.1em; letter-spacing: 0px; text-transform: none; margin-top: 20px; font-family: 'museo_sans100', Arial, sans-serif !important;\">\u201cSe a sinfonia das cores n\u00e3o funciona, a sedu\u00e7\u00e3o acaba\u201d, diz Milhazes. \u201cN\u00e3o estou mais preocupada com atordoamento visual. Mas sim em fazer o olho girar. \u201dSeu discurso pict\u00f3rico exacerba excesso. Seus trabalhos s\u00e3o quebra-cabe\u00e7as, espirais, burburinhos, turbilh\u00f5es, ajuntamentos de dissimilitudes, folhagens. \u201cQuando pensei em criar um ritmo\u201d, comenta Milhazes, sobre uma de suas pinturas, \u201clogo me veio a imagem do Boogie-Woogie, de Mondrian, essa coisa de ritmo acelerado, que o olho n\u00e3o consegue parar\u201d<\/h1>\n<\/div><\/section><\/div>\n<div class=\"flex_column av_one_half  flex_column_div av-zero-column-padding first  avia-builder-el-7  el_after_av_one_full  el_before_av_one_half  column-top-margin\" style='margin-top:0px; margin-bottom:0px; border-radius:0px; '><\/div>\n<div class=\"flex_column av_one_half  flex_column_div av-zero-column-padding   avia-builder-el-8  el_after_av_one_half  el_before_av_one_full  column-top-margin\" style='margin-top:0px; margin-bottom:0px; border-radius:0px; '><section class=\"av_textblock_section \"  itemscope=\"itemscope\" itemtype=\"https:\/\/schema.org\/CreativeWork\" ><div class='avia_textblock  '   itemprop=\"text\" ><h1 style=\"text-align: right; font-size: 16px; color: #6c93ab; line-height: 1.2em; letter-spacing: .6px; text-transform: none;\"><strong>Herkenhoff, Paulo<\/strong>. Beatriz Milhazes, The Brazilian Trove. Beatriz Milhazes. Birmingham: Ikon Gallery, Birmingham, AL: Birmingham Museum of Art, 2001.<\/h1>\n<\/div><\/section><\/div>\n<div class=\"flex_column av_one_full  flex_column_div av-zero-column-padding first  avia-builder-el-10  el_after_av_one_half  el_before_av_one_half  column-top-margin\" style='margin-top:0px; margin-bottom:0px; border-radius:0px; '><div  style='height:40px' class='hr hr-invisible   avia-builder-el-11  el_before_av_textblock  avia-builder-el-first '><span class='hr-inner ' ><span class='hr-inner-style'><\/span><\/span><\/div><br \/>\n<section class=\"av_textblock_section \"  itemscope=\"itemscope\" itemtype=\"https:\/\/schema.org\/CreativeWork\" ><div class='avia_textblock  '   itemprop=\"text\" ><h1 id=\"biblioH2b\" style=\"color: #6c93ab; line-height: 1.1em; letter-spacing: 0px; text-transform: none; margin-top: 20px;\">\u201cO trabalho da pintora brasileira Beatriz Milhazes tece uma linha t\u00eanue entre o impulso modernista cerebral (e ocasionalmente visualmente austero), e a arte popular, intuitiva, festiva, excessivamente saturada em cores, que transborda em dire\u00e7\u00e3o ao carnaval.\u201d<\/h1>\n<\/div><\/section><\/div>\n<div class=\"flex_column av_one_half  flex_column_div av-zero-column-padding first  avia-builder-el-13  el_after_av_one_full  el_before_av_one_half  column-top-margin\" style='margin-top:0px; margin-bottom:0px; border-radius:0px; '><\/div>\n<div class=\"flex_column av_one_half  flex_column_div av-zero-column-padding   avia-builder-el-14  el_after_av_one_half  el_before_av_one_full  column-top-margin\" style='margin-top:0px; margin-bottom:0px; border-radius:0px; '><section class=\"av_textblock_section \"  itemscope=\"itemscope\" itemtype=\"https:\/\/schema.org\/CreativeWork\" ><div class='avia_textblock  '   itemprop=\"text\" ><h1 style=\"text-align: right; font-size: 16px; color: #6c93ab; line-height: 1.2em; letter-spacing: .6px; text-transform: none;\"><strong>Glover, Michael<\/strong>. \u201cRio Azul, Beatriz Milhazes, White Cube Bermondsey, London, review: Visually seductive, slightly vertigo-inducing.\u201d Independent, 18 Apr 2018<a href=\"https:\/\/www.independent.co.uk\/arts-entertainment\/art\/reviews\/beatriz-milhazes-rio-azul-white-cube-bermondsey-review-art-brazil-a8310556.html\" target=\"_blank\" rel=\"noopener\">(Article)<\/a><\/h1>\n<\/div><\/section><\/div>\n<div class=\"flex_column av_one_full  flex_column_div av-zero-column-padding first  avia-builder-el-16  el_after_av_one_half  el_before_av_one_half  column-top-margin\" style='margin-top:0px; margin-bottom:0px; border-radius:0px; '><div  style='height:40px' class='hr hr-invisible   avia-builder-el-17  el_before_av_textblock  avia-builder-el-first '><span class='hr-inner ' ><span class='hr-inner-style'><\/span><\/span><\/div><br \/>\n<section class=\"av_textblock_section \"  itemscope=\"itemscope\" itemtype=\"https:\/\/schema.org\/CreativeWork\" ><div class='avia_textblock  '   itemprop=\"text\" ><h1 id=\"biblioH3b\" style=\"color: #6c93ab; line-height: 1.1em; letter-spacing: 0px; text-transform: none; margin-top: 20px;\">\u201ca atra\u00e7\u00e3o generalizada por Milhazes se deve ao fato de ela ser uma artista \u201cglocal\u201d, com seu trabalho fundamentado na linguagem internacional do modernismo, mas que mant\u00e9m ra\u00edzes profundas no seu pr\u00f3prio local e tempo.\u201d<\/h1>\n<\/div><\/section><\/div>\n<div class=\"flex_column av_one_half  flex_column_div av-zero-column-padding first  avia-builder-el-19  el_after_av_one_full  el_before_av_one_half  column-top-margin\" style='margin-top:0px; margin-bottom:0px; border-radius:0px; '><\/div>\n<div class=\"flex_column av_one_half  flex_column_div av-zero-column-padding   avia-builder-el-20  el_after_av_one_half  el_before_av_one_full  column-top-margin\" style='margin-top:0px; margin-bottom:0px; border-radius:0px; '><section class=\"av_textblock_section \"  itemscope=\"itemscope\" itemtype=\"https:\/\/schema.org\/CreativeWork\" ><div class='avia_textblock  '   itemprop=\"text\" ><h1 style=\"text-align: right; font-size: 16px; color: #6c93ab; line-height: 1.2em; letter-spacing: .6px; text-transform: none;\"><strong>Kino, Carol<\/strong>.\u201cModern Motifs, with Echoes of Brazil.\u201d The New York Times, 26 Oct 2008: 22<a href=\"https:\/\/www.nytimes.com\/2008\/10\/26\/arts\/design\/26kino.html\" target=\"_blank\" rel=\"noopener\">(Article)<\/a><\/h1>\n<\/div><\/section><\/div>\n<div class=\"flex_column av_one_full  flex_column_div first  avia-builder-el-22  el_after_av_one_half  avia-builder-el-last  column-top-margin\" style='padding:0px 50px 0px 50px ; border-radius:0px; '><div  style='height:40px' class='hr hr-invisible   avia-builder-el-23  el_before_av_textblock  avia-builder-el-first '><span class='hr-inner ' ><span class='hr-inner-style'><\/span><\/span><\/div><br \/>\n<section class=\"av_textblock_section \"  itemscope=\"itemscope\" itemtype=\"https:\/\/schema.org\/CreativeWork\" ><div class='avia_textblock  '   itemprop=\"text\" ><p>Acesse aqui a bibliografia selecionada da artista:<\/p>\n<\/div><\/section><br \/>\n<section class=\"av_textblock_section \"  itemscope=\"itemscope\" itemtype=\"https:\/\/schema.org\/CreativeWork\" ><div class='avia_textblock  '   itemprop=\"text\" ><p>[vc_btn title=&#8221;Publica\u00e7\u00f5es Download (PDF)&#8221; link=&#8221;url:https%3A%2F%2Fbeatrizmilhazes.com%2Fwp-content%2Fuploads%2F2024%2F07%2F2024-06-bibliografia-books-and-catalogues.pdf|target:%20_blank|&#8221;] [vc_btn title=&#8221;Artigos e Cr\u00edticas Download (PDF)&#8221; link=&#8221;url:https%3A%2F%2Fbeatrizmilhazes.com%2Fwp-content%2Fuploads%2F2024%2F07%2F2024-07-articles-beatriz-milhazes.pdf|target:%20_blank|&#8221;]<\/p>\n<\/div><\/section><\/div>\n","protected":false},"excerpt":{"rendered":"\u201cSe as 10 novas obras nesta mostra \u2013 sua primeira em Nova Iorque desde 2015 \u2013 n\u00e3o s\u00e3o as melhores de todas, s\u00e3o certamente as melhores at\u00e9 hoje exibidas na cidade. Mostram Beatriz no comando, expandindo suas refer\u00eancias, afiando sua composi\u00e7\u00e3o e transformando suas cores em pinturas espetaculares\u201d Smith, Roberta.\u201cWhat to See in N.Y.C. Galleries [...]","protected":false},"author":1,"featured_media":0,"parent":0,"menu_order":0,"comment_status":"closed","ping_status":"closed","template":"","meta":[],"yoast_head":"<!-- This site is optimized with the Yoast SEO plugin v21.0 - https:\/\/yoast.com\/wordpress\/plugins\/seo\/ -->\n<title>Bibliografia - Beatriz Milhazes<\/title>\n<meta name=\"robots\" content=\"index, follow, max-snippet:-1, max-image-preview:large, max-video-preview:-1\" \/>\n<link rel=\"canonical\" href=\"https:\/\/beatrizmilhazes.com\/?page_id=1907\" \/>\n<meta property=\"og:locale\" content=\"pt_BR\" \/>\n<meta property=\"og:type\" content=\"article\" \/>\n<meta property=\"og:title\" content=\"Bibliografia - Beatriz Milhazes\" \/>\n<meta property=\"og:url\" content=\"https:\/\/beatrizmilhazes.com\/?page_id=1907\" \/>\n<meta property=\"og:site_name\" content=\"Beatriz Milhazes\" \/>\n<meta property=\"article:modified_time\" content=\"2024-07-31T01:27:19+00:00\" \/>\n<meta name=\"twitter:card\" content=\"summary_large_image\" \/>\n<meta name=\"twitter:label1\" content=\"Est. tempo de leitura\" \/>\n\t<meta name=\"twitter:data1\" content=\"6 minutos\" \/>\n<script type=\"application\/ld+json\" class=\"yoast-schema-graph\">{\"@context\":\"https:\/\/schema.org\",\"@graph\":[{\"@type\":\"WebPage\",\"@id\":\"https:\/\/beatrizmilhazes.com\/?page_id=1907\",\"url\":\"https:\/\/beatrizmilhazes.com\/?page_id=1907\",\"name\":\"Bibliografia - Beatriz Milhazes\",\"isPartOf\":{\"@id\":\"https:\/\/beatrizmilhazes.com\/#website\"},\"datePublished\":\"2020-11-30T04:10:48+00:00\",\"dateModified\":\"2024-07-31T01:27:19+00:00\",\"breadcrumb\":{\"@id\":\"https:\/\/beatrizmilhazes.com\/?page_id=1907#breadcrumb\"},\"inLanguage\":\"pt-BR\",\"potentialAction\":[{\"@type\":\"ReadAction\",\"target\":[\"https:\/\/beatrizmilhazes.com\/?page_id=1907\"]}]},{\"@type\":\"BreadcrumbList\",\"@id\":\"https:\/\/beatrizmilhazes.com\/?page_id=1907#breadcrumb\",\"itemListElement\":[{\"@type\":\"ListItem\",\"position\":1,\"name\":\"In\u00edcio\",\"item\":\"https:\/\/beatrizmilhazes.com\/\"},{\"@type\":\"ListItem\",\"position\":2,\"name\":\"Bibliografia\"}]},{\"@type\":\"WebSite\",\"@id\":\"https:\/\/beatrizmilhazes.com\/#website\",\"url\":\"https:\/\/beatrizmilhazes.com\/\",\"name\":\"Beatriz Milhazes\",\"description\":\"Artista Pl\u00e1stica\",\"potentialAction\":[{\"@type\":\"SearchAction\",\"target\":{\"@type\":\"EntryPoint\",\"urlTemplate\":\"https:\/\/beatrizmilhazes.com\/?s={search_term_string}\"},\"query-input\":\"required name=search_term_string\"}],\"inLanguage\":\"pt-BR\"}]}<\/script>\n<!-- \/ Yoast SEO plugin. -->","yoast_head_json":{"title":"Bibliografia - Beatriz Milhazes","robots":{"index":"index","follow":"follow","max-snippet":"max-snippet:-1","max-image-preview":"max-image-preview:large","max-video-preview":"max-video-preview:-1"},"canonical":"https:\/\/beatrizmilhazes.com\/?page_id=1907","og_locale":"pt_BR","og_type":"article","og_title":"Bibliografia - Beatriz Milhazes","og_url":"https:\/\/beatrizmilhazes.com\/?page_id=1907","og_site_name":"Beatriz Milhazes","article_modified_time":"2024-07-31T01:27:19+00:00","twitter_card":"summary_large_image","twitter_misc":{"Est. tempo de leitura":"6 minutos"},"schema":{"@context":"https:\/\/schema.org","@graph":[{"@type":"WebPage","@id":"https:\/\/beatrizmilhazes.com\/?page_id=1907","url":"https:\/\/beatrizmilhazes.com\/?page_id=1907","name":"Bibliografia - Beatriz Milhazes","isPartOf":{"@id":"https:\/\/beatrizmilhazes.com\/#website"},"datePublished":"2020-11-30T04:10:48+00:00","dateModified":"2024-07-31T01:27:19+00:00","breadcrumb":{"@id":"https:\/\/beatrizmilhazes.com\/?page_id=1907#breadcrumb"},"inLanguage":"pt-BR","potentialAction":[{"@type":"ReadAction","target":["https:\/\/beatrizmilhazes.com\/?page_id=1907"]}]},{"@type":"BreadcrumbList","@id":"https:\/\/beatrizmilhazes.com\/?page_id=1907#breadcrumb","itemListElement":[{"@type":"ListItem","position":1,"name":"In\u00edcio","item":"https:\/\/beatrizmilhazes.com\/"},{"@type":"ListItem","position":2,"name":"Bibliografia"}]},{"@type":"WebSite","@id":"https:\/\/beatrizmilhazes.com\/#website","url":"https:\/\/beatrizmilhazes.com\/","name":"Beatriz Milhazes","description":"Artista Pl\u00e1stica","potentialAction":[{"@type":"SearchAction","target":{"@type":"EntryPoint","urlTemplate":"https:\/\/beatrizmilhazes.com\/?s={search_term_string}"},"query-input":"required name=search_term_string"}],"inLanguage":"pt-BR"}]}},"_links":{"self":[{"href":"https:\/\/beatrizmilhazes.com\/index.php?rest_route=\/wp\/v2\/pages\/1907"}],"collection":[{"href":"https:\/\/beatrizmilhazes.com\/index.php?rest_route=\/wp\/v2\/pages"}],"about":[{"href":"https:\/\/beatrizmilhazes.com\/index.php?rest_route=\/wp\/v2\/types\/page"}],"author":[{"embeddable":true,"href":"https:\/\/beatrizmilhazes.com\/index.php?rest_route=\/wp\/v2\/users\/1"}],"replies":[{"embeddable":true,"href":"https:\/\/beatrizmilhazes.com\/index.php?rest_route=%2Fwp%2Fv2%2Fcomments&post=1907"}],"version-history":[{"count":46,"href":"https:\/\/beatrizmilhazes.com\/index.php?rest_route=\/wp\/v2\/pages\/1907\/revisions"}],"predecessor-version":[{"id":3478,"href":"https:\/\/beatrizmilhazes.com\/index.php?rest_route=\/wp\/v2\/pages\/1907\/revisions\/3478"}],"wp:attachment":[{"href":"https:\/\/beatrizmilhazes.com\/index.php?rest_route=%2Fwp%2Fv2%2Fmedia&parent=1907"}],"curies":[{"name":"wp","href":"https:\/\/api.w.org\/{rel}","templated":true}]}}