{"id":1696,"date":"2020-11-25T18:36:12","date_gmt":"2020-11-25T18:36:12","guid":{"rendered":"http:\/\/dotweb.com.br\/desenv?page_id=1696"},"modified":"2023-12-02T00:18:45","modified_gmt":"2023-12-02T00:18:45","slug":"obras-2-2-2-3-3-3","status":"publish","type":"page","link":"https:\/\/beatrizmilhazes.com\/?page_id=1696","title":{"rendered":"Projetos"},"content":{"rendered":"<section class=\"entry-content dp-works\">\n<div class=\"pure-g\">\n<p><!--\n\n\n<div class=\"pure-u pure-u-1-2 pure-u-md-1-1\">--><br \/>\n<!-- COLAGENS \/ ANOS 2011\u2013 --><\/p>\n<div class=\"pure-u pure-u-1\">\n<h2 class=\"dp-works-series-title\"><a href=\"https:\/\/beatrizmilhazes.com\/?page_id=1705#print-1\">Galerie Max Hetzler<span style=\"float: right;\">Berlim, Alemanha<\/span><\/a><\/h2>\n<div class=\"dp-works-series-item cf\"><a class=\"dp-works-thumb\" href=\"https:\/\/beatrizmilhazes.com\/?page_id=1705#print-1\"><br \/>\n<img decoding=\"async\" src=\"https:\/\/beatrizmilhazes.com\/wp-content\/uploads\/2023\/12\/2023-009-waving-flowers-foto-holger-hiehaus-courtesy-galerie-max-hetzler-bm23-42154-baixa-300.jpg\" alt=\"\" \/><br \/>\n<\/a><!--<\/div>\n\n\n--><\/p>\n<\/div>\n<div class=\"bg-margin-for-link\"><input type='hidden' bg_collapse_expand='69e3e62fe9baf0098478372' value='69e3e62fe9baf0098478372'><input type='hidden' id='bg-show-more-text-69e3e62fe9baf0098478372' value='Sobre o projeto'><input type='hidden' id='bg-show-less-text-69e3e62fe9baf0098478372' value='fechar...'><a id='bg-showmore-action-69e3e62fe9baf0098478372' class='bg-showmore-plg-link bg-eye '  style=\" color:#72777c;;\" href='#'>Sobre o projeto<\/a><div id='bg-showmore-hidden-69e3e62fe9baf0098478372' ><\/p>\n<div class=\"observacao\">\n<p>Waving Flowers<br \/>\n2023<br \/>\nWall painting<br \/>\n350 x 1227 cm<br \/>\nFoto Holger Niehaus \u2013 Cortesia Galeria Max Hetzler<\/p>\n<\/div>\n<p><\/div><\/div>\n<p><!--\n\n\n<div class=\"pure-u pure-u-1-2 pure-u-md-1-1\">--><br \/>\n<!-- COLAGENS \/ ANOS 2011\u2013 --><\/p>\n<div class=\"pure-u pure-u-1\">\n<h2 class=\"dp-works-series-title\"><a href=\"https:\/\/beatrizmilhazes.com\/?page_id=1705#print-2\">Opera de Viena<span style=\"float: right;\">Viena, Austria<\/span><\/a><\/h2>\n<div class=\"dp-works-series-item cf\"><a class=\"dp-works-thumb\" href=\"https:\/\/beatrizmilhazes.com\/?page_id=1705#print-2\"><br \/>\n<img decoding=\"async\" src=\"https:\/\/beatrizmilhazes.com\/wp-content\/uploads\/2022\/02\/opera-de-viena-1p.jpg\" alt=\"\" \/><br \/>\n<\/a><a class=\"dp-works-thumb\" href=\"https:\/\/beatrizmilhazes.com\/?page_id=1705#print-3\"><br \/>\n<img decoding=\"async\" src=\"https:\/\/beatrizmilhazes.com\/wp-content\/uploads\/2022\/02\/opera-de-viena-2p.jpg\" alt=\"\" \/><br \/>\n<\/a><!--<\/div>\n\n\n--><\/p>\n<\/div>\n<div class=\"bg-margin-for-link\"><input type='hidden' bg_collapse_expand='69e3e62fe9dcb7015086044' value='69e3e62fe9dcb7015086044'><input type='hidden' id='bg-show-more-text-69e3e62fe9dcb7015086044' value='Sobre o projeto'><input type='hidden' id='bg-show-less-text-69e3e62fe9dcb7015086044' value='fechar...'><a id='bg-showmore-action-69e3e62fe9dcb7015086044' class='bg-showmore-plg-link bg-eye '  style=\" color:#72777c;;\" href='#'>Sobre o projeto<\/a><div id='bg-showmore-hidden-69e3e62fe9dcb7015086044' ><\/p>\n<div class=\"observacao\">\n<p>Pink Sunshine, faz parte da 24a edi\u00e7\u00e3o do projeto \u201cSafety Curtain\u201d [cortina de seguran\u00e7a], uma parceria do mip \u2013 museum in progress e Opera de Viena, que desde 1988 transforma a cortina de seguran\u00e7a da Opera de Viena em um espa\u00e7o de exibi\u00e7\u00e3o para arte contempor\u00e2nea.<\/p>\n<p>A obra pode ser vista antes do in\u00edcio e ao final das apresenta\u00e7\u00f5es no teatro, bem como durante os intervalos dos programas, at\u00e9 junho de 2022.<\/p>\n<p>\u00c9 a primeira participa\u00e7\u00e3o de uma artista latina a participar do projeto, que tem curadoria de Daniel Birbaum, Bice Curiger e Hans Ulrich Obrist.<\/p>\n<\/div>\n<p><\/div><\/div>\n<p><!--\n\n\n<div class=\"pure-u pure-u-1-2 pure-u-md-1-1\">--><br \/>\n<!-- COLAGENS \/ ANOS 2011\u2013 --><\/p>\n<div class=\"pure-u pure-u-1\">\n<h2 class=\"dp-works-series-title\"><a href=\"https:\/\/beatrizmilhazes.com\/?page_id=1705#print-4\">Inujima &#8220;Art House Project&#8221; A-Art House<span style=\"float: right;\">Ilha de Inujima, Jap\u00e3o<\/span><\/a><\/h2>\n<div class=\"dp-works-series-item cf\"><a class=\"dp-works-thumb\" href=\"https:\/\/beatrizmilhazes.com\/?page_id=1705#print-4\"><br \/>\n<img decoding=\"async\" src=\"https:\/\/beatrizmilhazes.com\/wp-content\/uploads\/2020\/11\/A7R3307_R-300.jpg\" alt=\"\" \/><br \/>\n<\/a><a class=\"dp-works-thumb\" href=\"https:\/\/beatrizmilhazes.com\/?page_id=1705#print-5\"><br \/>\n<img decoding=\"async\" src=\"https:\/\/beatrizmilhazes.com\/wp-content\/uploads\/2020\/11\/A7R3365_R-300.jpg\" alt=\"\" \/><br \/>\n<\/a><a class=\"dp-works-thumb\" href=\"https:\/\/beatrizmilhazes.com\/?page_id=1705#print-6\"><br \/>\n<img decoding=\"async\" src=\"https:\/\/beatrizmilhazes.com\/wp-content\/uploads\/2020\/11\/A7R4037_R-300.jpg\" alt=\"\" \/><br \/>\n<\/a><!--<\/div>\n\n\n--><\/p>\n<\/div>\n<div class=\"bg-margin-for-link\"><input type='hidden' bg_collapse_expand='69e3e62fe9ef56017562364' value='69e3e62fe9ef56017562364'><input type='hidden' id='bg-show-more-text-69e3e62fe9ef56017562364' value='Sobre o projeto'><input type='hidden' id='bg-show-less-text-69e3e62fe9ef56017562364' value='fechar...'><a id='bg-showmore-action-69e3e62fe9ef56017562364' class='bg-showmore-plg-link bg-eye '  style=\" color:#72777c;;\" href='#'>Sobre o projeto<\/a><div id='bg-showmore-hidden-69e3e62fe9ef56017562364' ><\/p>\n<div class=\"observacao\">\n<p>A obra Yellow Flower Dream faz parte do projeto Inujima Art House Project que tem como principal objetivo a revitaliza\u00e7\u00e3o da Ilha de Inujima, no Jap\u00e3o.<\/p>\n<p>Foi criada para a A-Art House, uma das casas\/galeria da ilha, com formato de flor, projeto da arquiteta Kazuyo Sejima.<\/p>\n<p>A obra \u00e9 composta por 17 pain\u00e9is em vinil adesivo, aplicados a paredes de vidro instaladas nos v\u00e9rtices de cada p\u00e9tala, com a cor amarelo predominante em sua estrutura, no piso e cobertura.<\/p>\n<\/div>\n<p><\/div><\/div>\n<p><!--\n\n\n<h2 class=\"dp-works-series-title mobile-show\"><\/h2>\n\n\n--><br \/>\n<!--#######################################################--><br \/>\n<!--\n\n\n<div class=\"pure-u pure-u-1-2 pure-u-md-1-1\">\n\n--><\/p>\n<p><!--\n\n\n<div class=\"pure-u pure-u-1-2 pure-u-md-1-1\">--><br \/>\n<!-- COLAGENS \/ ANOS 2011\u2013 --><\/p>\n<div class=\"pure-u pure-u-1\">\n<h2 class=\"dp-works-series-title\"><a href=\"https:\/\/beatrizmilhazes.com\/?page_id=1705#print-7\">New York Presbyterian Hospital<span style=\"float: right;\">Nova Iorque, EUA<\/span><\/a><\/h2>\n<div class=\"dp-works-series-item cf\"><a class=\"dp-works-thumb\" href=\"https:\/\/beatrizmilhazes.com\/?page_id=1705#print-7\"><br \/>\n<img decoding=\"async\" src=\"https:\/\/beatrizmilhazes.com\/wp-content\/uploads\/2020\/11\/Paqueta\u0301_Photo-Brett-Moen-Courtesy-James-Cohan-Gallery_180414-nypresbyterian-002.jpg\" alt=\"\" \/><br \/>\n<\/a><a class=\"dp-works-thumb\" href=\"https:\/\/beatrizmilhazes.com\/?page_id=1705#print-8\"><br \/>\n<img decoding=\"async\" src=\"https:\/\/beatrizmilhazes.com\/wp-content\/uploads\/2020\/11\/001.20162018_Tuiuti-Foto-Brett-Moen-Cortesia-James-Cohan-Gallery180429_NYP0985.jpg\" alt=\"\" \/><br \/>\n<\/a><br \/>\n<!--<\/div>\n\n\n--><\/div>\n<p><!--\n\n\n<h2 class=\"dp-works-series-title mobile-show\"><\/h2>\n\n\n--><br \/>\n<!--#######################################################--><br \/>\n<!--\n\n\n<div class=\"pure-u pure-u-1-2 pure-u-md-1-1\">\n\n--><\/p>\n<p><!--\n\n\n<div class=\"pure-u pure-u-1-2 pure-u-md-1-1\">--><br \/>\n<!-- COLAGENS \/ ANOS 2011\u2013 --><\/p>\n<div class=\"pure-u pure-u-1\">\n<h2 class=\"dp-works-series-title\"><a href=\"https:\/\/beatrizmilhazes.com\/?page_id=1705#print-9\">Grace Farms Foundation<span style=\"float: right;\">New Canaan, CT, EUA<\/span><\/a><\/h2>\n<div class=\"dp-works-series-item cf\"><a class=\"dp-works-thumb\" href=\"https:\/\/beatrizmilhazes.com\/?page_id=1705#print-9\"><br \/>\n<img decoding=\"async\" src=\"https:\/\/beatrizmilhazes.com\/wp-content\/uploads\/2020\/11\/004.2016_Moon-Love-Dreaming-Grace-Farms_Photo-Dean-Kaufman_DK-100816-004-2.jpg\" alt=\"\" \/><br \/>\n<\/a><a class=\"dp-works-thumb\" href=\"https:\/\/beatrizmilhazes.com\/?page_id=1705#print-10\"><br \/>\n<img decoding=\"async\" src=\"https:\/\/beatrizmilhazes.com\/wp-content\/uploads\/2020\/11\/004.2016_Moon-Love-Dreaming-Grace-Farms_Photo-Dean-Kaufman_DK-100816-010-2.jpg\" alt=\"\" \/><br \/>\n<\/a><br \/>\n<!--<\/div>\n\n\n--><\/div>\n<p><!--\n\n\n<h2 class=\"dp-works-series-title mobile-show\"><\/h2>\n\n\n--><br \/>\n<!--#######################################################--><br \/>\n<!--\n\n\n<div class=\"pure-u pure-u-1-2 pure-u-md-1-1\">\n\n--><\/p>\n<p><!--\n\n\n<div class=\"pure-u pure-u-1-2 pure-u-md-1-1\">--><br \/>\n<!-- COLAGENS \/ ANOS 2011\u2013 --><\/p>\n<div class=\"pure-u pure-u-1\">\n<h2 class=\"dp-works-series-title\"><a href=\"https:\/\/beatrizmilhazes.com\/?page_id=1705#print-11\">Funda\u00e7\u00e3o Cartier pour L&#8217; Art Contemporain<span style=\"float: right;\">Paris, Fran\u00e7a<\/span><\/a><\/h2>\n<div class=\"dp-works-series-item cf\"><a class=\"dp-works-thumb\" href=\"https:\/\/beatrizmilhazes.com\/?page_id=1705#print-11\"><br \/>\n<img decoding=\"async\" src=\"https:\/\/beatrizmilhazes.com\/wp-content\/uploads\/2020\/11\/7721-869-1080.jpg\" alt=\"\" \/><br \/>\n<\/a><a class=\"dp-works-thumb\" href=\"https:\/\/beatrizmilhazes.com\/?page_id=1705#print-12\"><br \/>\n<img decoding=\"async\" src=\"https:\/\/beatrizmilhazes.com\/wp-content\/uploads\/2020\/11\/Samambaia-1080.jpg\" alt=\"\" \/><br \/>\n<\/a><br \/>\n<!--<\/div>\n\n\n--><\/div>\n<p><!--\n\n\n<h2 class=\"dp-works-series-title mobile-show\"><\/h2>\n\n\n--><br \/>\n<!--#######################################################--><br \/>\n<!--\n\n\n<div class=\"pure-u pure-u-1-2 pure-u-md-1-1\">\n\n--><\/p>\n<p><!--\n\n\n<div class=\"pure-u pure-u-1-2 pure-u-md-1-1\">--><br \/>\n<!-- COLAGENS \/ ANOS 2011\u2013 --><\/p>\n<div class=\"pure-u pure-u-1\">\n<h2 class=\"dp-works-series-title\"><a href=\"https:\/\/beatrizmilhazes.com\/?page_id=1705#print-13\">Esta\u00e7\u00e3o Pinacoteca &#8211; Pinacoteca do Estado de S\u00e3o Paulo <span style=\"float: right;\">S\u00e3o Paulo, Brasil<\/span><\/a><\/h2>\n<div class=\"dp-works-series-item cf\"><a class=\"dp-works-thumb\" href=\"https:\/\/beatrizmilhazes.com\/?page_id=1705#print-13\"><br \/>\n<img decoding=\"async\" src=\"https:\/\/beatrizmilhazes.com\/wp-content\/uploads\/2020\/11\/IM_1998-1080.jpg\" alt=\"\" \/><br \/>\n<\/a><a class=\"dp-works-thumb\" href=\"https:\/\/beatrizmilhazes.com\/?page_id=1705#print-14\"><br \/>\n<img decoding=\"async\" src=\"https:\/\/beatrizmilhazes.com\/wp-content\/uploads\/2020\/11\/IM_1607-1080.jpg\" alt=\"\" \/><br \/>\n<\/a><br \/>\n<!--<\/div>\n\n\n--><\/div>\n<p><!--\n\n\n<h2 class=\"dp-works-series-title mobile-show\"><\/h2>\n\n\n--><br \/>\n<!--#######################################################--><br \/>\n<!--\n\n\n<div class=\"pure-u pure-u-1-2 pure-u-md-1-1\">\n\n--><\/p>\n<p><!--\n\n\n<div class=\"pure-u pure-u-1-2 pure-u-md-1-1\">--><br \/>\n<!-- COLAGENS \/ ANOS 2011\u2013 --><\/p>\n<div class=\"pure-u pure-u-1\">\n<h2 class=\"dp-works-series-title\"><a href=\"https:\/\/beatrizmilhazes.com\/?page_id=1705#print-15\">Plataform for Art Project<span style=\"float: right;\">Gloucester Road Station, London Underground Londres, Reino Unido<\/span><\/a><\/h2>\n<div class=\"dp-works-series-item cf\"><a class=\"dp-works-thumb\" href=\"https:\/\/beatrizmilhazes.com\/?page_id=1705#print-15\"><br \/>\n<img decoding=\"async\" src=\"https:\/\/beatrizmilhazes.com\/wp-content\/uploads\/2020\/11\/PEACE-AND-LOVE__PfA01.158-1080.jpg\" alt=\"\" \/><br \/>\n<\/a><a class=\"dp-works-thumb\" href=\"https:\/\/beatrizmilhazes.com\/?page_id=1705#print-16\"><br \/>\n<img decoding=\"async\" src=\"https:\/\/beatrizmilhazes.com\/wp-content\/uploads\/2020\/11\/PfA01.003-300.jpg\" alt=\"\" \/><br \/>\n<\/a><a class=\"dp-works-thumb\" href=\"https:\/\/beatrizmilhazes.com\/?page_id=1705#print-17\"><br \/>\n<img decoding=\"async\" src=\"https:\/\/beatrizmilhazes.com\/wp-content\/uploads\/2020\/11\/PfA01.130-300.jpg\" alt=\"\" \/><br \/>\n<\/a><br \/>\n<!--<\/div>\n\n\n--><\/div>\n<p><!--\n\n\n<h2 class=\"dp-works-series-title mobile-show\"><\/h2>\n\n\n--><br \/>\n<!--#######################################################--><br \/>\n<!--\n\n\n<div class=\"pure-u pure-u-1-2 pure-u-md-1-1\">\n\n--><\/p>\n<p><!--\n\n\n<div class=\"pure-u pure-u-1-2 pure-u-md-1-1\">--><br \/>\n<!-- COLAGENS \/ ANOS 2011\u2013 --><\/p>\n<div class=\"pure-u pure-u-1\">\n<h2 class=\"dp-works-series-title\"><a href=\"https:\/\/beatrizmilhazes.com\/?page_id=1705#print-18\">Tate Modern Restaurant<span style=\"float: right;\">Londres, Reino Unido<\/span><\/a><\/h2>\n<div class=\"dp-works-series-item cf\"><a class=\"dp-works-thumb\" href=\"https:\/\/beatrizmilhazes.com\/?page_id=1705#print-18\"><br \/>\n<img decoding=\"async\" src=\"https:\/\/beatrizmilhazes.com\/wp-content\/uploads\/2020\/11\/Milhazes-Mural-15-300.jpg\" alt=\"\" \/><br \/>\n<\/a><a class=\"dp-works-thumb\" href=\"https:\/\/beatrizmilhazes.com\/?page_id=1705#print-19\"><br \/>\n<img decoding=\"async\" src=\"https:\/\/beatrizmilhazes.com\/wp-content\/uploads\/2020\/11\/Milhazes-Mural-06-300.jpg\" alt=\"\" \/><br \/>\n<\/a><br \/>\n<!--<\/div>\n\n\n--><\/div>\n<p><!--\n\n\n<h2 class=\"dp-works-series-title mobile-show\"><\/h2>\n\n\n--><br \/>\n<!--#######################################################--><br \/>\n<!--\n\n\n<div class=\"pure-u pure-u-1-2 pure-u-md-1-1\">\n\n--><\/p>\n<p><!--\n\n\n<div class=\"pure-u pure-u-1-2 pure-u-md-1-1\">--><br \/>\n<!-- COLAGENS \/ ANOS 2011\u2013 --><\/p>\n<div class=\"pure-u pure-u-1\">\n<h2 class=\"dp-works-series-title\"><a href=\"https:\/\/beatrizmilhazes.com\/?page_id=1705#print-20\">Loja Selfridge&#8217;s &amp; Co<span style=\"float: right;\">Manchester, Reino Unido<\/span><\/a><\/h2>\n<div class=\"dp-works-series-item cf\"><a class=\"dp-works-thumb\" href=\"https:\/\/beatrizmilhazes.com\/?page_id=1705#print-20\"><br \/>\n<img decoding=\"async\" src=\"https:\/\/beatrizmilhazes.com\/wp-content\/uploads\/2020\/11\/S1-Selfridges-6-300.jpg\" alt=\"\" \/><br \/>\n<\/a><br \/>\n<!--<\/div>\n\n\n--><\/div>\n<div class=\"bg-margin-for-link\"><input type='hidden' bg_collapse_expand='69e3e62fe9fe40000371865' value='69e3e62fe9fe40000371865'><input type='hidden' id='bg-show-more-text-69e3e62fe9fe40000371865' value='Sobre o projeto'><input type='hidden' id='bg-show-less-text-69e3e62fe9fe40000371865' value='fechar...'><a id='bg-showmore-action-69e3e62fe9fe40000371865' class='bg-showmore-plg-link bg-eye '  style=\" color:#72777c;;\" href='#'>Sobre o projeto<\/a><div id='bg-showmore-hidden-69e3e62fe9fe40000371865' ><\/p>\n<div class=\"observacao\">\n<p>Obra criada para a fachada da loja Selfridge&#8217;s &amp; Co dentro do projeto Brasil 40 graus, com curadoria de Adriano Pedrosa,<br \/>\nque apresentou artistas e aspectos da cultura brasileira.<\/p>\n<p>Primeiro mural de grande porte, em 12 cores, realizado com a t\u00e9cnica de recorte em adesivo vin\u00edlico.<\/p>\n<\/div>\n<p><\/div><\/div>\n<p><!--\n\n\n<h2 class=\"dp-works-series-title mobile-show\"><\/h2>\n\n\n--><br \/>\n<!--#######################################################--><br \/>\n<!--\n\n\n<div class=\"pure-u pure-u-1-2 pure-u-md-1-1\">\n\n--><\/p>\n<\/div>\n<\/div>\n<\/div>\n<\/div>\n<\/div>\n<\/div>\n<\/div>\n<\/div>\n<\/div>\n<\/div>\n<\/section>\n","protected":false},"excerpt":{"rendered":"<p>Galerie Max HetzlerBerlim, Alemanha Opera de VienaViena, Austria Inujima &#8220;Art House Project&#8221; A-Art HouseIlha de Inujima, Jap\u00e3o New York Presbyterian HospitalNova Iorque, EUA Grace Farms FoundationNew Canaan, CT, EUA Funda\u00e7\u00e3o Cartier pour L&#8217; Art ContemporainParis, Fran\u00e7a Esta\u00e7\u00e3o Pinacoteca &#8211; Pinacoteca do Estado de S\u00e3o Paulo S\u00e3o Paulo, Brasil Plataform for Art ProjectGloucester Road Station, London [&hellip;]<\/p>\n","protected":false},"author":1,"featured_media":0,"parent":0,"menu_order":0,"comment_status":"closed","ping_status":"closed","template":"","meta":[],"yoast_head":"<!-- This site is optimized with the Yoast SEO plugin v21.0 - https:\/\/yoast.com\/wordpress\/plugins\/seo\/ -->\n<title>Projetos - Beatriz Milhazes<\/title>\n<meta name=\"robots\" content=\"index, follow, max-snippet:-1, max-image-preview:large, max-video-preview:-1\" \/>\n<link rel=\"canonical\" href=\"https:\/\/beatrizmilhazes.com\/?page_id=1696\" \/>\n<meta property=\"og:locale\" content=\"pt_BR\" \/>\n<meta property=\"og:type\" content=\"article\" \/>\n<meta property=\"og:title\" content=\"Projetos - Beatriz Milhazes\" \/>\n<meta property=\"og:description\" content=\"Galerie Max HetzlerBerlim, Alemanha Opera de VienaViena, Austria Inujima &#8220;Art House Project&#8221; A-Art HouseIlha de Inujima, Jap\u00e3o New York Presbyterian HospitalNova Iorque, EUA Grace Farms FoundationNew Canaan, CT, EUA Funda\u00e7\u00e3o Cartier pour L&#8217; Art ContemporainParis, Fran\u00e7a Esta\u00e7\u00e3o Pinacoteca &#8211; Pinacoteca do Estado de S\u00e3o Paulo S\u00e3o Paulo, Brasil Plataform for Art ProjectGloucester Road Station, London [&hellip;]\" \/>\n<meta property=\"og:url\" content=\"https:\/\/beatrizmilhazes.com\/?page_id=1696\" \/>\n<meta property=\"og:site_name\" content=\"Beatriz Milhazes\" \/>\n<meta property=\"article:modified_time\" content=\"2023-12-02T00:18:45+00:00\" \/>\n<meta property=\"og:image\" content=\"https:\/\/beatrizmilhazes.com\/wp-content\/uploads\/2023\/12\/2023-009-waving-flowers-foto-holger-hiehaus-courtesy-galerie-max-hetzler-bm23-42154-baixa-300.jpg\" \/>\n<meta name=\"twitter:card\" content=\"summary_large_image\" \/>\n<meta name=\"twitter:label1\" content=\"Est. tempo de leitura\" \/>\n\t<meta name=\"twitter:data1\" content=\"6 minutos\" \/>\n<script type=\"application\/ld+json\" class=\"yoast-schema-graph\">{\"@context\":\"https:\/\/schema.org\",\"@graph\":[{\"@type\":\"WebPage\",\"@id\":\"https:\/\/beatrizmilhazes.com\/?page_id=1696\",\"url\":\"https:\/\/beatrizmilhazes.com\/?page_id=1696\",\"name\":\"Projetos - Beatriz Milhazes\",\"isPartOf\":{\"@id\":\"https:\/\/beatrizmilhazes.com\/#website\"},\"datePublished\":\"2020-11-25T18:36:12+00:00\",\"dateModified\":\"2023-12-02T00:18:45+00:00\",\"breadcrumb\":{\"@id\":\"https:\/\/beatrizmilhazes.com\/?page_id=1696#breadcrumb\"},\"inLanguage\":\"pt-BR\",\"potentialAction\":[{\"@type\":\"ReadAction\",\"target\":[\"https:\/\/beatrizmilhazes.com\/?page_id=1696\"]}]},{\"@type\":\"BreadcrumbList\",\"@id\":\"https:\/\/beatrizmilhazes.com\/?page_id=1696#breadcrumb\",\"itemListElement\":[{\"@type\":\"ListItem\",\"position\":1,\"name\":\"In\u00edcio\",\"item\":\"https:\/\/beatrizmilhazes.com\/\"},{\"@type\":\"ListItem\",\"position\":2,\"name\":\"Projetos\"}]},{\"@type\":\"WebSite\",\"@id\":\"https:\/\/beatrizmilhazes.com\/#website\",\"url\":\"https:\/\/beatrizmilhazes.com\/\",\"name\":\"Beatriz Milhazes\",\"description\":\"Artista Pl\u00e1stica\",\"potentialAction\":[{\"@type\":\"SearchAction\",\"target\":{\"@type\":\"EntryPoint\",\"urlTemplate\":\"https:\/\/beatrizmilhazes.com\/?s={search_term_string}\"},\"query-input\":\"required name=search_term_string\"}],\"inLanguage\":\"pt-BR\"}]}<\/script>\n<!-- \/ Yoast SEO plugin. -->","yoast_head_json":{"title":"Projetos - Beatriz Milhazes","robots":{"index":"index","follow":"follow","max-snippet":"max-snippet:-1","max-image-preview":"max-image-preview:large","max-video-preview":"max-video-preview:-1"},"canonical":"https:\/\/beatrizmilhazes.com\/?page_id=1696","og_locale":"pt_BR","og_type":"article","og_title":"Projetos - Beatriz Milhazes","og_description":"Galerie Max HetzlerBerlim, Alemanha Opera de VienaViena, Austria Inujima &#8220;Art House Project&#8221; A-Art HouseIlha de Inujima, Jap\u00e3o New York Presbyterian HospitalNova Iorque, EUA Grace Farms FoundationNew Canaan, CT, EUA Funda\u00e7\u00e3o Cartier pour L&#8217; Art ContemporainParis, Fran\u00e7a Esta\u00e7\u00e3o Pinacoteca &#8211; Pinacoteca do Estado de S\u00e3o Paulo S\u00e3o Paulo, Brasil Plataform for Art ProjectGloucester Road Station, London [&hellip;]","og_url":"https:\/\/beatrizmilhazes.com\/?page_id=1696","og_site_name":"Beatriz Milhazes","article_modified_time":"2023-12-02T00:18:45+00:00","og_image":[{"url":"https:\/\/beatrizmilhazes.com\/wp-content\/uploads\/2023\/12\/2023-009-waving-flowers-foto-holger-hiehaus-courtesy-galerie-max-hetzler-bm23-42154-baixa-300.jpg"}],"twitter_card":"summary_large_image","twitter_misc":{"Est. tempo de leitura":"6 minutos"},"schema":{"@context":"https:\/\/schema.org","@graph":[{"@type":"WebPage","@id":"https:\/\/beatrizmilhazes.com\/?page_id=1696","url":"https:\/\/beatrizmilhazes.com\/?page_id=1696","name":"Projetos - Beatriz Milhazes","isPartOf":{"@id":"https:\/\/beatrizmilhazes.com\/#website"},"datePublished":"2020-11-25T18:36:12+00:00","dateModified":"2023-12-02T00:18:45+00:00","breadcrumb":{"@id":"https:\/\/beatrizmilhazes.com\/?page_id=1696#breadcrumb"},"inLanguage":"pt-BR","potentialAction":[{"@type":"ReadAction","target":["https:\/\/beatrizmilhazes.com\/?page_id=1696"]}]},{"@type":"BreadcrumbList","@id":"https:\/\/beatrizmilhazes.com\/?page_id=1696#breadcrumb","itemListElement":[{"@type":"ListItem","position":1,"name":"In\u00edcio","item":"https:\/\/beatrizmilhazes.com\/"},{"@type":"ListItem","position":2,"name":"Projetos"}]},{"@type":"WebSite","@id":"https:\/\/beatrizmilhazes.com\/#website","url":"https:\/\/beatrizmilhazes.com\/","name":"Beatriz Milhazes","description":"Artista Pl\u00e1stica","potentialAction":[{"@type":"SearchAction","target":{"@type":"EntryPoint","urlTemplate":"https:\/\/beatrizmilhazes.com\/?s={search_term_string}"},"query-input":"required name=search_term_string"}],"inLanguage":"pt-BR"}]}},"_links":{"self":[{"href":"https:\/\/beatrizmilhazes.com\/index.php?rest_route=\/wp\/v2\/pages\/1696"}],"collection":[{"href":"https:\/\/beatrizmilhazes.com\/index.php?rest_route=\/wp\/v2\/pages"}],"about":[{"href":"https:\/\/beatrizmilhazes.com\/index.php?rest_route=\/wp\/v2\/types\/page"}],"author":[{"embeddable":true,"href":"https:\/\/beatrizmilhazes.com\/index.php?rest_route=\/wp\/v2\/users\/1"}],"replies":[{"embeddable":true,"href":"https:\/\/beatrizmilhazes.com\/index.php?rest_route=%2Fwp%2Fv2%2Fcomments&post=1696"}],"version-history":[{"count":23,"href":"https:\/\/beatrizmilhazes.com\/index.php?rest_route=\/wp\/v2\/pages\/1696\/revisions"}],"predecessor-version":[{"id":3296,"href":"https:\/\/beatrizmilhazes.com\/index.php?rest_route=\/wp\/v2\/pages\/1696\/revisions\/3296"}],"wp:attachment":[{"href":"https:\/\/beatrizmilhazes.com\/index.php?rest_route=%2Fwp%2Fv2%2Fmedia&parent=1696"}],"curies":[{"name":"wp","href":"https:\/\/api.w.org\/{rel}","templated":true}]}}