{"id":1446,"date":"2020-11-19T07:59:06","date_gmt":"2020-11-19T07:59:06","guid":{"rendered":"http:\/\/dotweb.com.br\/desenv?page_id=1446"},"modified":"2021-03-15T03:07:38","modified_gmt":"2021-03-15T03:07:38","slug":"obras-2-2-2-3-3","status":"publish","type":"page","link":"https:\/\/beatrizmilhazes.com\/?page_id=1446","title":{"rendered":"Cen\u00e1rios"},"content":{"rendered":"<section class=\"entry-content dp-works\">\n<div class=\"pure-g\">\n<div class=\"flex_column av_one_half  flex_column_div first  avia-builder-el-0  el_before_av_one_half  avia-builder-el-first  \" ><h2 class=\"menuTitulo\"><a href=\"https:\/\/beatrizmilhazes.com\/?page_id=307\">Pinturas<\/a><\/h2>\n<h2 class=\"menuTitulo\"><a href=\"https:\/\/beatrizmilhazes.com\/?page_id=1012\">Colagens<\/a><\/h2>\n<h2 class=\"menuTitulo\"><a href=\"https:\/\/beatrizmilhazes.com\/?page_id=1184\">Gravuras<\/a><\/h2>\n<h2 class=\"menuTitulo\"><a href=\"https:\/\/beatrizmilhazes.com?page_id=1334\">Esculturas<\/a><\/h2><\/div>\n<div class=\"flex_column av_one_half  flex_column_div   avia-builder-el-1  el_after_av_one_half  el_before_av_hr  \" ><h2 class=\"menuTitulo\"><a href=\"https:\/\/beatrizmilhazes.com\/?page_id=1392\">Gamboa<\/a><\/h2>\n<h2 class=\"menuTitulo menuAtivo\"><a href=\"https:\/\/beatrizmilhazes.com\/?page_id=1466\">Cen\u00e1rios<\/a><\/h2>\n<h2 class=\"menuTitulo\"><a href=\"https:\/\/beatrizmilhazes.com\/?page_id=1521\">Livro de Artista<\/a><\/h2>\n<h2 class=\"menuTitulo\"><a href=\"https:\/\/beatrizmilhazes.com\/?page_id=1571\">Tape\u00e7arias<\/a><\/h2><\/div>\n<div  style='height:50px' class='hr hr-invisible   avia-builder-el-2  el_after_av_one_half  avia-builder-el-last '><span class='hr-inner ' ><span class='hr-inner-style'><\/span><\/span><\/div>\n<div class=\"bg-margin-for-link\"><input type='hidden' bg_collapse_expand='69f5f42577e071069158615' value='69f5f42577e071069158615'><input type='hidden' id='bg-show-more-text-69f5f42577e071069158615' value='Sobre a Dan\u00e7a em minha obra'><input type='hidden' id='bg-show-less-text-69f5f42577e071069158615' value='fechar...'><a id='bg-showmore-action-69f5f42577e071069158615' class='bg-showmore-plg-link bg-eye '  style=\" color:#72777c;;\" href='#'>Sobre a Dan\u00e7a em minha obra<\/a><div id='bg-showmore-hidden-69f5f42577e071069158615' ><\/p>\n<div class=\"observacao\">\n<p>A dan\u00e7a tem um lugar conceitual em minha obra. Em rela\u00e7\u00e3o ao carnaval, especialmente no desfile do Rio de Janeiro.  Sua exuber\u00e2ncia, beleza e liberdade criativa, quase selvagem, foram sempre uma refer\u00eancia motivadora.<\/p>\n<p>No trabalho com a Marcia Milhazes Cia de Dan\u00e7a, a conviv\u00eancia com o universo da dan\u00e7a contempor\u00e2nea por dentro de seu processo. Sua linguagem estruturada em infinitas express\u00f5es desenvolvidas no detalhamento dos micro gestos.  Um ambiente Barroco que nos aproxima.<\/p>\n<p>Eu diria, que meus cen\u00e1rios para suas montagens, s\u00e3o na verdade, ambienta\u00e7\u00f5es para suas coreografias, onde nossos trabalhos dialogam por diferen\u00e7as e se afastam no desenvolvimento das semelhan\u00e7as.<\/p>\n<p>Linguagens distintas que convivem harmoniosamente atrav\u00e9s dos contrastes.<\/p>\n<\/div>\n<p><\/div><\/div>\n<p><!--\n\n<div class=\"pure-u pure-u-1-2 pure-u-md-1-1\">--><br \/>\n<!-- COLAGENS \/ ANOS 2011\u2013 --><\/p>\n<div class=\"pure-u pure-u-1\">\n<h2 class=\"dp-works-series-title\"><a href=\"https:\/\/beatrizmilhazes.com\/?page_id=1454#print-1\">Joaquim Maria<\/h2>\n<div class=\"dp-works-series-item cf\"><a class=\"dp-works-thumb\" href=\"https:\/\/beatrizmilhazes.com\/?page_id=1454#print-1\"><br \/>\n<img decoding=\"async\" src=\"https:\/\/beatrizmilhazes.com\/wp-content\/uploads\/2020\/11\/008.2000_Joaquim-Maria-Cenografia-Foto-Jorge-Gonc\u0327alves_2_BAIXA-300.jpg\" alt=\"\" \/><br \/>\n<\/a><a class=\"dp-works-thumb\" href=\"https:\/\/beatrizmilhazes.com\/?page_id=1454#print-2\"><br \/>\n<img decoding=\"async\" src=\"https:\/\/beatrizmilhazes.com\/wp-content\/uploads\/2020\/11\/008.2000_Joaquim-Maria-Cenografia-Foto-Jorge-Gonc\u0327alves_1_BAIXA-300.jpg\" alt=\"\" \/><br \/>\n<\/a><br \/>\n<!--<\/div>\n\n\n--><\/div>\n<p><!--\n\n\n<h2 class=\"dp-works-series-title mobile-show\"><\/h2>\n\n\n--><br \/>\n<!--#######################################################--><br \/>\n<!--\n\n<div class=\"pure-u pure-u-1-2 pure-u-md-1-1\">--><\/p>\n<p><!--\n\n<div class=\"pure-u pure-u-1-2 pure-u-md-1-1\">--><br \/>\n<!-- COLAGENS \/ ANOS 2011\u2013 --><\/p>\n<div class=\"pure-u pure-u-1\">\n<h2 class=\"dp-works-series-title\"><a href=\"https:\/\/beatrizmilhazes.com\/?page_id=1454#print-3\">Tempo de Ver\u00e3o<\/a><\/h2>\n<div class=\"dp-works-series-item cf\"><a class=\"dp-works-thumb\" href=\"https:\/\/beatrizmilhazes.com\/?page_id=1454#print-3\"><br \/>\n<img decoding=\"async\" src=\"https:\/\/beatrizmilhazes.com\/wp-content\/uploads\/2020\/11\/Amir-Sfair-Filho-0043-Mostra-Cont-Marcia-Milhares-RJ-300.jpg\" alt=\"\" \/><br \/>\n<\/a><a class=\"dp-works-thumb\" href=\"https:\/\/beatrizmilhazes.com\/?page_id=1454#print-5\"><br \/>\n<img decoding=\"async\" src=\"https:\/\/beatrizmilhazes.com\/wp-content\/uploads\/2020\/11\/Amir-Sfair-Filho-0063-Mostra-Cont-Marcia-Milhares-RJ-300.jpg\" alt=\"\" \/><br \/>\n<\/a><br \/>\n<!--<\/div>\n\n\n--><\/div>\n<p><!--\n\n\n<h2 class=\"dp-works-series-title mobile-show\"><\/h2>\n\n\n--><br \/>\n<!--#######################################################--><br \/>\n<!--\n\n<div class=\"pure-u pure-u-1-2 pure-u-md-1-1\">--><\/p>\n<p><!--\n\n<div class=\"pure-u pure-u-1-2 pure-u-md-1-1\">--><br \/>\n<!-- COLAGENS \/ ANOS 2011\u2013 --><\/p>\n<div class=\"pure-u pure-u-1\">\n<h2 class=\"dp-works-series-title\"><a href=\"https:\/\/beatrizmilhazes.com\/?page_id=1454#print-6\">Meu Prazer<\/a><\/h2>\n<div class=\"dp-works-series-item cf\"><a class=\"dp-works-thumb\" href=\"https:\/\/beatrizmilhazes.com\/?page_id=1454#print-6\"><br \/>\n<img decoding=\"async\" src=\"https:\/\/beatrizmilhazes.com\/wp-content\/uploads\/2020\/11\/012.2008_Meu-Prazer-Cenografia_foto-Fernando-Lemos_BAIXA-300.jpg\" alt=\"\" \/><br \/>\n<\/a><a class=\"dp-works-thumb\" href=\"https:\/\/beatrizmilhazes.com\/?page_id=1454#print-7\"><br \/>\n<img decoding=\"async\" src=\"https:\/\/beatrizmilhazes.com\/wp-content\/uploads\/2020\/11\/BAIXA-300.jpg\" alt=\"\" \/><br \/>\n<\/a><br \/>\n<!--<\/div>\n\n\n--><\/div>\n<p><!--\n\n\n<h2 class=\"dp-works-series-title mobile-show\"><\/h2>\n\n\n--><br \/>\n<!--#######################################################--><br \/>\n<!--\n\n<div class=\"pure-u pure-u-1-2 pure-u-md-1-1\">--><\/p>\n<\/div>\n<\/div>\n<\/div>\n<\/div>\n<\/div>\n<\/div>\n<\/div>\n<\/div>\n<\/div>\n<\/div>\n<\/div>\n<\/div>\n<\/div>\n<\/div>\n<\/div>\n<\/div>\n<\/div>\n<\/div>\n<\/div>\n<\/div>\n<\/div>\n<\/div>\n<\/div>\n<\/div>\n<\/div>\n<\/div>\n<\/section>\n","protected":false},"excerpt":{"rendered":"<p>Joaquim Maria Tempo de Ver\u00e3o Meu Prazer<\/p>\n","protected":false},"author":1,"featured_media":0,"parent":0,"menu_order":0,"comment_status":"closed","ping_status":"closed","template":"","meta":[],"yoast_head":"<!-- This site is optimized with the Yoast SEO plugin v21.0 - https:\/\/yoast.com\/wordpress\/plugins\/seo\/ -->\n<title>Cen\u00e1rios - Beatriz Milhazes<\/title>\n<meta name=\"robots\" content=\"index, follow, max-snippet:-1, max-image-preview:large, max-video-preview:-1\" \/>\n<link rel=\"canonical\" href=\"https:\/\/beatrizmilhazes.com\/?page_id=1446\" \/>\n<meta property=\"og:locale\" content=\"pt_BR\" \/>\n<meta property=\"og:type\" content=\"article\" \/>\n<meta property=\"og:title\" content=\"Cen\u00e1rios - Beatriz Milhazes\" \/>\n<meta property=\"og:description\" content=\"Joaquim Maria Tempo de Ver\u00e3o Meu Prazer\" \/>\n<meta property=\"og:url\" content=\"https:\/\/beatrizmilhazes.com\/?page_id=1446\" \/>\n<meta property=\"og:site_name\" content=\"Beatriz Milhazes\" \/>\n<meta property=\"article:modified_time\" content=\"2021-03-15T03:07:38+00:00\" \/>\n<meta property=\"og:image\" content=\"https:\/\/beatrizmilhazes.com\/wp-content\/uploads\/2020\/11\/Amir-Sfair-Filho-0043-Mostra-Cont-Marcia-Milhares-RJ-300.jpg\" \/>\n<meta name=\"twitter:card\" content=\"summary_large_image\" \/>\n<meta name=\"twitter:label1\" content=\"Est. tempo de leitura\" \/>\n\t<meta name=\"twitter:data1\" content=\"1 minuto\" \/>\n<script type=\"application\/ld+json\" class=\"yoast-schema-graph\">{\"@context\":\"https:\/\/schema.org\",\"@graph\":[{\"@type\":\"WebPage\",\"@id\":\"https:\/\/beatrizmilhazes.com\/?page_id=1446\",\"url\":\"https:\/\/beatrizmilhazes.com\/?page_id=1446\",\"name\":\"Cen\u00e1rios - Beatriz Milhazes\",\"isPartOf\":{\"@id\":\"https:\/\/beatrizmilhazes.com\/#website\"},\"datePublished\":\"2020-11-19T07:59:06+00:00\",\"dateModified\":\"2021-03-15T03:07:38+00:00\",\"breadcrumb\":{\"@id\":\"https:\/\/beatrizmilhazes.com\/?page_id=1446#breadcrumb\"},\"inLanguage\":\"pt-BR\",\"potentialAction\":[{\"@type\":\"ReadAction\",\"target\":[\"https:\/\/beatrizmilhazes.com\/?page_id=1446\"]}]},{\"@type\":\"BreadcrumbList\",\"@id\":\"https:\/\/beatrizmilhazes.com\/?page_id=1446#breadcrumb\",\"itemListElement\":[{\"@type\":\"ListItem\",\"position\":1,\"name\":\"In\u00edcio\",\"item\":\"https:\/\/beatrizmilhazes.com\/\"},{\"@type\":\"ListItem\",\"position\":2,\"name\":\"Cen\u00e1rios\"}]},{\"@type\":\"WebSite\",\"@id\":\"https:\/\/beatrizmilhazes.com\/#website\",\"url\":\"https:\/\/beatrizmilhazes.com\/\",\"name\":\"Beatriz Milhazes\",\"description\":\"Artista Pl\u00e1stica\",\"potentialAction\":[{\"@type\":\"SearchAction\",\"target\":{\"@type\":\"EntryPoint\",\"urlTemplate\":\"https:\/\/beatrizmilhazes.com\/?s={search_term_string}\"},\"query-input\":\"required name=search_term_string\"}],\"inLanguage\":\"pt-BR\"}]}<\/script>\n<!-- \/ Yoast SEO plugin. -->","yoast_head_json":{"title":"Cen\u00e1rios - Beatriz Milhazes","robots":{"index":"index","follow":"follow","max-snippet":"max-snippet:-1","max-image-preview":"max-image-preview:large","max-video-preview":"max-video-preview:-1"},"canonical":"https:\/\/beatrizmilhazes.com\/?page_id=1446","og_locale":"pt_BR","og_type":"article","og_title":"Cen\u00e1rios - Beatriz Milhazes","og_description":"Joaquim Maria Tempo de Ver\u00e3o Meu Prazer","og_url":"https:\/\/beatrizmilhazes.com\/?page_id=1446","og_site_name":"Beatriz Milhazes","article_modified_time":"2021-03-15T03:07:38+00:00","og_image":[{"url":"https:\/\/beatrizmilhazes.com\/wp-content\/uploads\/2020\/11\/Amir-Sfair-Filho-0043-Mostra-Cont-Marcia-Milhares-RJ-300.jpg"}],"twitter_card":"summary_large_image","twitter_misc":{"Est. tempo de leitura":"1 minuto"},"schema":{"@context":"https:\/\/schema.org","@graph":[{"@type":"WebPage","@id":"https:\/\/beatrizmilhazes.com\/?page_id=1446","url":"https:\/\/beatrizmilhazes.com\/?page_id=1446","name":"Cen\u00e1rios - Beatriz Milhazes","isPartOf":{"@id":"https:\/\/beatrizmilhazes.com\/#website"},"datePublished":"2020-11-19T07:59:06+00:00","dateModified":"2021-03-15T03:07:38+00:00","breadcrumb":{"@id":"https:\/\/beatrizmilhazes.com\/?page_id=1446#breadcrumb"},"inLanguage":"pt-BR","potentialAction":[{"@type":"ReadAction","target":["https:\/\/beatrizmilhazes.com\/?page_id=1446"]}]},{"@type":"BreadcrumbList","@id":"https:\/\/beatrizmilhazes.com\/?page_id=1446#breadcrumb","itemListElement":[{"@type":"ListItem","position":1,"name":"In\u00edcio","item":"https:\/\/beatrizmilhazes.com\/"},{"@type":"ListItem","position":2,"name":"Cen\u00e1rios"}]},{"@type":"WebSite","@id":"https:\/\/beatrizmilhazes.com\/#website","url":"https:\/\/beatrizmilhazes.com\/","name":"Beatriz Milhazes","description":"Artista Pl\u00e1stica","potentialAction":[{"@type":"SearchAction","target":{"@type":"EntryPoint","urlTemplate":"https:\/\/beatrizmilhazes.com\/?s={search_term_string}"},"query-input":"required name=search_term_string"}],"inLanguage":"pt-BR"}]}},"_links":{"self":[{"href":"https:\/\/beatrizmilhazes.com\/index.php?rest_route=\/wp\/v2\/pages\/1446"}],"collection":[{"href":"https:\/\/beatrizmilhazes.com\/index.php?rest_route=\/wp\/v2\/pages"}],"about":[{"href":"https:\/\/beatrizmilhazes.com\/index.php?rest_route=\/wp\/v2\/types\/page"}],"author":[{"embeddable":true,"href":"https:\/\/beatrizmilhazes.com\/index.php?rest_route=\/wp\/v2\/users\/1"}],"replies":[{"embeddable":true,"href":"https:\/\/beatrizmilhazes.com\/index.php?rest_route=%2Fwp%2Fv2%2Fcomments&post=1446"}],"version-history":[{"count":17,"href":"https:\/\/beatrizmilhazes.com\/index.php?rest_route=\/wp\/v2\/pages\/1446\/revisions"}],"predecessor-version":[{"id":2273,"href":"https:\/\/beatrizmilhazes.com\/index.php?rest_route=\/wp\/v2\/pages\/1446\/revisions\/2273"}],"wp:attachment":[{"href":"https:\/\/beatrizmilhazes.com\/index.php?rest_route=%2Fwp%2Fv2%2Fmedia&parent=1446"}],"curies":[{"name":"wp","href":"https:\/\/api.w.org\/{rel}","templated":true}]}}