{"id":1392,"date":"2020-11-19T05:59:50","date_gmt":"2020-11-19T05:59:50","guid":{"rendered":"http:\/\/dotweb.com.br\/desenv?page_id=1392"},"modified":"2023-05-18T04:52:54","modified_gmt":"2023-05-18T04:52:54","slug":"obras-2-2-2-3-2","status":"publish","type":"page","link":"https:\/\/beatrizmilhazes.com\/?page_id=1392","title":{"rendered":"Gamboa"},"content":{"rendered":"<section class=\"entry-content dp-works\">\n<div class=\"pure-g\">\n<div class=\"flex_column av_one_half  flex_column_div first  avia-builder-el-0  el_before_av_one_half  avia-builder-el-first  \" ><h2 class=\"menuTitulo\"><a href=\"https:\/\/beatrizmilhazes.com?page_id=307\">Pinturas<\/a><\/h2>\n<h2 class=\"menuTitulo\"><a href=\"https:\/\/beatrizmilhazes.com\/?page_id=1012\">Colagens<\/a><\/h2>\n<h2 class=\"menuTitulo\"><a href=\"https:\/\/beatrizmilhazes.com\/?page_id=1184\">Gravuras<\/a><\/h2>\n<h2 class=\"menuTitulo\"><a href=\"https:\/\/beatrizmilhazes.com\/?page_id=1334\">Esculturas<\/a><\/h2><\/div>\n<div class=\"flex_column av_one_half  flex_column_div   avia-builder-el-1  el_after_av_one_half  el_before_av_hr  \" ><h2 class=\"menuTitulo menuAtivo\"><a href=\"https:\/\/beatrizmilhazes.com\/?page_id=1392\">Gamboa<\/a><\/h2>\n<h2 class=\"menuTitulo\"><a href=\"https:\/\/beatrizmilhazes.com\/?page_id=1446\">Cen\u00e1rios<\/a><\/h2>\n<h2 class=\"menuTitulo\"><a href=\"https:\/\/beatrizmilhazes.com\/?page_id=1521\">Livro de Artista<\/a><\/h2>\n<h2 class=\"menuTitulo\"><a href=\"https:\/\/beatrizmilhazes.com\/?page_id=1571\">Tape\u00e7arias<\/a><\/h2><\/div>\n<div  style='height:50px' class='hr hr-invisible   avia-builder-el-2  el_after_av_one_half  avia-builder-el-last '><span class='hr-inner ' ><span class='hr-inner-style'><\/span><\/span><\/div>\n<div class=\"bg-margin-for-link\"><input type='hidden' bg_collapse_expand='69f5f3d3bf37b3018403689' value='69f5f3d3bf37b3018403689'><input type='hidden' id='bg-show-more-text-69f5f3d3bf37b3018403689' value='Hist\u00f3rico da Obra'><input type='hidden' id='bg-show-less-text-69f5f3d3bf37b3018403689' value='fechar...'><a id='bg-showmore-action-69f5f3d3bf37b3018403689' class='bg-showmore-plg-link bg-eye '  style=\" color:#72777c;;\" href='#'>Hist\u00f3rico da Obra<\/a><div id='bg-showmore-hidden-69f5f3d3bf37b3018403689' ><\/p>\n<div class=\"observacao\">\n<p><strong>Originalmente inspirada no cen\u00e1rio Tempo de Ver\u00e3o, criado em 2004 para a apresenta\u00e7\u00e3o de Marcia Milhazes Cia de Dan\u00e7a, o mobile Gamboa de Beatriz Milhazes se transformou desde ent\u00e3o em uma ocupa\u00e7\u00e3o especial que se adapta \u00e0s especifica\u00e7\u00f5es de cada local onde ele \u00e9 apresentado.<\/strong><\/p>\n<p><strong>Tempo de Ver\u00e3o (2004) foi concebido como um candelabro que flutuava no palco, e existia somente em sua rela\u00e7\u00e3o com a performance. Sua intensidade estava concentrada nas pontas, compostas por uma rica mistura de elementos suspensos por fios que iluminava a cena da dan\u00e7a. Em Gamboa, estes elementos elaborados ocupam o espa\u00e7o em v\u00e1rios pontos ao longo dos fios, organizando o equilibrio entre peso e volume. Nasce, ent\u00e3o, a ideia de uma escultura completa, uma obra em si mesmo.<\/strong><\/p>\n<p><strong>Henri Matisse, Tarsila do Amaral, e Piet Mondrian assim como o desfile de Carnaval no Rio de Janeiro, criado pelo carnavalesco Fernando Pinto nos anos 80, s\u00e3o fortes refer\u00eancias no trabalho de Beatriz Milhazes desde o in\u00edcio do desenvolvimento de sua linguagem visual.  Cada vers\u00e3o do Gamboa  \u00e9 produzida a partir dos desenhos de Beatriz por artes\u00e3os baseados em motivos e ornamentos do Carnaval.  Com a coordena\u00e7\u00e3o de Sergio Farias\u00a0e Glauce Milhazes,\u00a0por artes\u00e3os da Imperatriz Leopoldinense\u00a0(Gamboa, Gamboa I e II) e Gabriel Haddad e Leonardo Bora (Gamboa III) coordenando artes\u00e3os da Grande Rio.\u00a0Uma rica mistura de materiais novos e reciclados de outros desfiles trazem para a obra a energia e o esp\u00edrito da rica cultura carioca e suas tradi\u00e7\u00f5es.<\/strong><\/p>\n<p><strong>Com suas performances, Marcia Milhazes Cia de Dan\u00e7a desenvolve um di\u00e1logo cont\u00ednuo com diversas vers\u00f5es da obra ao longo do tempo, incluindo a mais recente instala\u00e7\u00e3o, Gamboa III na Pace Gallery em Nova Iorque.  Ao entrar no ambiente das artes visuais, suas coreografias s\u00e3o um acontecimento \u2013 a cria\u00e7\u00e3o de um harmonioso e infinito ciclo.<\/strong><\/p>\n<div>\n<strong>O cen\u00e1rio Tempo de Ver\u00e3o da apresenta\u00e7\u00e3o de Marcia Milhazes Cia de Dan\u00e7a, em 2004, se transformou em um conceito espacial baseado no formato de m\u00f3biles e ganhou os espa\u00e7os de Museus, Institui\u00e7\u00f5es e Galerias de arte, a partir de 2008.<\/strong><\/p>\n<p><strong>Os elementos e motivos s\u00e3o desenvolvidos a partir de meus desenhos e com refer\u00eancia nos adere\u00e7os de Carnaval. T\u00eam sido executados por artes\u00f5es de escolas de samba.\u00a0\u00a0Com a coordena\u00e7\u00e3o de Sergio Farias\u00a0e Glauce Milhazes,\u00a0por artes\u00e3os da Imperatriz Leopoldinense\u00a0(Gamboa, Gamboa I e II) e Gabriel Haddad e Leonardo Bora (Gamboa III) coordenando artes\u00e3os da Grande Rio.\u00a0<\/strong><\/p>\n<p><strong>Curiosamente as coreografias de Marcia Milhazes ingressam no ambiente das artes e desenvolvem um di\u00e1logo com o Gamboa. Um acontecimento, a forma\u00e7\u00e3o de um ciclo, um ciclo infinito e pleno de harmonia.<\/strong>\n<\/div>\n<p>Diferentes vers\u00f5es foram concebidas de acordo com especificidades dos espa\u00e7os ocupados pela obra:<\/p>\n<p><strong>Gamboa<\/strong> \u2013 apresentado em duas vers\u00f5es, na Prospect 1 &#8211; US Biennal, em New Orleans; e na Fondation Beyeler, Basel (2010).<\/p>\n<p><strong>Gamboa I<\/strong> \u2013 desenvolvido em uma \u00fanica vers\u00e3o, para o Pa\u00e7o Imperial, Rio de Janeiro (2013)<\/p>\n<p><strong>Gamboa II<\/strong> \u2013 tr\u00eas vers\u00f5es distintas, que se diferenciavam principalmente em rela\u00e7\u00e3o a altura da obra, apresentadas no Jewish Museum, NY (2016); White Cube Gallery, Londres (2018); e Parque Lage, Rio de Janeiro (2019).<\/p>\n<p><strong>Gamboa III<\/strong> \u2013 desenvolvido para a mostra retrospectiva Beatriz Milhazes: Avenida Paulista, no MASP e Ita\u00fa Cultural (2020) e apresentado na exposi\u00e7\u00e3o Beatriz Milhazes: Mistura Sagrada, Pace Gallery NY.<\/p>\n<\/div>\n<p><\/div><\/div>\n<p><!--\n\n\n<div class=\"pure-u pure-u-1-2 pure-u-md-1-1\">--><br \/>\n<!-- COLAGENS \/ ANOS 2020\u2013 --><\/p>\n<div class=\"pure-u pure-u-1\">\n<h2 class=\"dp-works-series-title\"><a href=\"https:\/\/beatrizmilhazes.com\/?page_id=1394#print-1\">Gamboa III \/ Ano 2020<\/a><\/h2>\n<div class=\"dp-works-series-item cf\"><a class=\"dp-works-thumb\" href=\"https:\/\/beatrizmilhazes.com\/?page_id=1394#print-1\"><br \/>\n<img decoding=\"async\" src=\"https:\/\/beatrizmilhazes.com\/wp-content\/uploads\/2023\/05\/MILHAZES_inst_540_20220914_JN_v448_HDR.jpg\" alt=\"\" \/><br \/>\n<\/a><a class=\"dp-works-thumb\" href=\"https:\/\/beatrizmilhazes.com\/?page_id=1394#print-2\"><br \/>\n<img decoding=\"async\" src=\"https:\/\/beatrizmilhazes.com\/wp-content\/uploads\/2023\/05\/MILHAZES_inst_540_20220914_JN_v538_HDR.jpg\" alt=\"\" \/><br \/>\n<\/a><a class=\"dp-works-thumb\" href=\"https:\/\/beatrizmilhazes.com\/?page_id=1394#print-3\"><br \/>\n<img decoding=\"async\" src=\"https:\/\/beatrizmilhazes.com\/wp-content\/uploads\/2021\/03\/gamboa_iii_copia-de-bm-botao-27_lenoir-taborda_300.jpg\" alt=\"\" \/><br \/>\n<\/a><a class=\"dp-works-thumb\" href=\"https:\/\/beatrizmilhazes.com\/?page_id=1394#print-4\"><br \/>\n<img decoding=\"async\" src=\"https:\/\/beatrizmilhazes.com\/wp-content\/uploads\/2021\/03\/gamboa-III-foto-eduardo-ortega-SC6091-pano-edit_300.jpg\" alt=\"\" \/><br \/>\n<\/a><br \/>\n<!--<\/div>\n\n\n--><\/div>\n<p><!--\n\n\n<h2 class=\"dp-works-series-title mobile-show\"><\/h2>\n\n\n--><br \/>\n<!--#######################################################--><br \/>\n<!--\n\n\n<div class=\"pure-u pure-u-1-2 pure-u-md-1-1\">\n\n--><\/p>\n<p><!--\n\n\n<div class=\"pure-u pure-u-1-2 pure-u-md-1-1\">--><br \/>\n<!-- COLAGENS \/ ANOS 2011\u2013 --><\/p>\n<div class=\"pure-u pure-u-1\">\n<h2 class=\"dp-works-series-title\"><a href=\"https:\/\/beatrizmilhazes.com\/?page_id=1394#print-5\">Gamboa II \/ Anos 2013\u20132015<\/a><\/h2>\n<div class=\"dp-works-series-item cf\"><a class=\"dp-works-thumb\" href=\"https:\/\/beatrizmilhazes.com\/?page_id=1394#print-5\"><br \/>\n<img decoding=\"async\" src=\"https:\/\/beatrizmilhazes.com\/wp-content\/uploads\/2020\/11\/GAMBOA-II-__-The-Jewish-Museum-NY-20162017-Foto-David-Heald_20160502_tjm_662.1Milhazes_001-300.jpg\" alt=\"\" \/><br \/>\n<\/a><a class=\"dp-works-thumb\" href=\"https:\/\/beatrizmilhazes.com\/?page_id=1394#print-6\"><br \/>\n<img decoding=\"async\" src=\"https:\/\/beatrizmilhazes.com\/wp-content\/uploads\/2020\/11\/GAMBOA-II__-WHITE-CUBE__Beatriz-Milhazes-Gamboa-II-2015-2016-screen-res-2-300.jpg\" alt=\"\" \/><br \/>\n<\/a><a class=\"dp-works-thumb\" href=\"https:\/\/beatrizmilhazes.com\/?page_id=1394#print-7\"><br \/>\n<img decoding=\"async\" src=\"https:\/\/beatrizmilhazes.com\/wp-content\/uploads\/2020\/11\/BAILARINA-WHITE-CUBE_Gamboa-II_White-Cube_Marcia-Milhazes-Cia-Danc\u0327a_ok-IMG_4273-300.jpg\" alt=\"\" \/><br \/>\n<\/a><br \/>\n<!--<\/div>\n\n\n--><\/div>\n<p><!--\n\n\n<h2 class=\"dp-works-series-title mobile-show\"><\/h2>\n\n\n--><br \/>\n<!--#######################################################--><br \/>\n<!--\n\n\n<div class=\"pure-u pure-u-1-2 pure-u-md-1-1\">\n\n--><\/p>\n<p><!--\n\n\n<div class=\"pure-u pure-u-1-2 pure-u-md-1-1\">--><br \/>\n<!-- COLAGENS \/ ANOS 2011\u2013 --><\/p>\n<div class=\"pure-u pure-u-1\">\n<h2 class=\"dp-works-series-title\" style=\"display: none;\"><a href=\"https:\/\/beatrizmilhazes.com\/?page_id=1394#print-8\">Gamboa II \/ Anos 2013\u20132015<\/a><\/h2>\n<div class=\"dp-works-series-item cf\"><a class=\"dp-works-thumb\" href=\"https:\/\/beatrizmilhazes.com\/?page_id=1394#print-8\"><br \/>\n<img decoding=\"async\" src=\"https:\/\/beatrizmilhazes.com\/wp-content\/uploads\/2020\/11\/PARQUE-LAGE-1__BAIXA-300.jpg\" alt=\"\" \/><br \/>\n<\/a><a class=\"dp-works-thumb\" href=\"https:\/\/beatrizmilhazes.com\/?page_id=1394#print-9\"><br \/>\n<img decoding=\"async\" src=\"https:\/\/beatrizmilhazes.com\/wp-content\/uploads\/2020\/11\/PARQUE-LAGE-2__BAIXA-300.jpg\" alt=\"\" \/><br \/>\n<\/a><br \/>\n<!--<\/div>\n\n\n--><\/div>\n<p><!--\n\n\n<h2 class=\"dp-works-series-title mobile-show\"><\/h2>\n\n\n--><br \/>\n<!--#######################################################--><br \/>\n<!--\n\n\n<div class=\"pure-u pure-u-1-2 pure-u-md-1-1\">\n\n--><\/p>\n<p><!--\n\n\n<div class=\"pure-u pure-u-1-2 pure-u-md-1-1\">--><br \/>\n<!-- COLAGENS \/ ANOS 2011\u2013 --><\/p>\n<div class=\"pure-u pure-u-1\">\n<h2 class=\"dp-works-series-title\"><a href=\"https:\/\/beatrizmilhazes.com\/?page_id=1394#print-10\">Gamboa I \/ Ano 2013<\/a><\/h2>\n<div class=\"dp-works-series-item cf\"><a class=\"dp-works-thumb\" href=\"https:\/\/beatrizmilhazes.com\/?page_id=1394#print-10\"><br \/>\n<img decoding=\"async\" src=\"https:\/\/beatrizmilhazes.com\/wp-content\/uploads\/2020\/11\/979A3319-300.jpg\" alt=\"\" \/><br \/>\n<\/a><a class=\"dp-works-thumb\" href=\"https:\/\/beatrizmilhazes.com\/?page_id=1394#print-11\"><br \/>\n<img decoding=\"async\" src=\"https:\/\/beatrizmilhazes.com\/wp-content\/uploads\/2020\/11\/979A2713-300.jpg\" alt=\"\" \/><br \/>\n<\/a><br \/>\n<!--<\/div>\n\n\n--><\/div>\n<p><!--\n\n\n<h2 class=\"dp-works-series-title mobile-show\"><\/h2>\n\n\n--><br \/>\n<!--#######################################################--><br \/>\n<!--\n\n\n<div class=\"pure-u pure-u-1-2 pure-u-md-1-1\">\n\n--><\/p>\n<p><!--\n\n\n<div class=\"pure-u pure-u-1-2 pure-u-md-1-1\">--><br \/>\n<!-- COLAGENS \/ ANOS 2011\u2013 --><\/p>\n<div class=\"pure-u pure-u-1\">\n<h2 class=\"dp-works-series-title\"><a href=\"https:\/\/beatrizmilhazes.com\/?page_id=1394#print-12\">Gamboa \/ Anos 2008 &amp; 2010<\/a><\/h2>\n<div class=\"dp-works-series-item cf\"><a class=\"dp-works-thumb\" href=\"https:\/\/beatrizmilhazes.com\/?page_id=1394#print-12\"><br \/>\n<img decoding=\"async\" src=\"https:\/\/beatrizmilhazes.com\/wp-content\/uploads\/2020\/11\/Beatriz_Milhazes_2_med-300.jpg\" alt=\"\" \/><br \/>\n<\/a><a class=\"dp-works-thumb\" href=\"https:\/\/beatrizmilhazes.com\/?page_id=1394#print-13\"><br \/>\n<img decoding=\"async\" src=\"https:\/\/beatrizmilhazes.com\/wp-content\/uploads\/2020\/11\/Bild-02-300.jpg\" alt=\"\" \/><br \/>\n<\/a><br \/>\n<!--<\/div>\n\n\n--><\/div>\n<p><!--\n\n\n<h2 class=\"dp-works-series-title mobile-show\"><\/h2>\n\n\n--><br \/>\n<!--#######################################################--><br \/>\n<!--\n\n\n<div class=\"pure-u pure-u-1-2 pure-u-md-1-1\">\n\n--><\/p>\n<\/div>\n<\/div>\n<\/div>\n<\/div>\n<\/div>\n<\/div>\n<\/section>\n","protected":false},"excerpt":{"rendered":"<p>Gamboa III \/ Ano 2020 Gamboa II \/ Anos 2013\u20132015 Gamboa II \/ Anos 2013\u20132015 Gamboa I \/ Ano 2013 Gamboa \/ Anos 2008 &amp; 2010<\/p>\n","protected":false},"author":1,"featured_media":0,"parent":0,"menu_order":0,"comment_status":"closed","ping_status":"closed","template":"","meta":[],"yoast_head":"<!-- This site is optimized with the Yoast SEO plugin v21.0 - https:\/\/yoast.com\/wordpress\/plugins\/seo\/ -->\n<title>Gamboa - Beatriz Milhazes<\/title>\n<meta name=\"robots\" content=\"index, follow, max-snippet:-1, max-image-preview:large, max-video-preview:-1\" \/>\n<link rel=\"canonical\" href=\"https:\/\/beatrizmilhazes.com\/?page_id=1392\" \/>\n<meta property=\"og:locale\" content=\"pt_BR\" \/>\n<meta property=\"og:type\" content=\"article\" \/>\n<meta property=\"og:title\" content=\"Gamboa - Beatriz Milhazes\" \/>\n<meta property=\"og:description\" content=\"Gamboa III \/ Ano 2020 Gamboa II \/ Anos 2013\u20132015 Gamboa II \/ Anos 2013\u20132015 Gamboa I \/ Ano 2013 Gamboa \/ Anos 2008 &amp; 2010\" \/>\n<meta property=\"og:url\" content=\"https:\/\/beatrizmilhazes.com\/?page_id=1392\" \/>\n<meta property=\"og:site_name\" content=\"Beatriz Milhazes\" \/>\n<meta property=\"article:modified_time\" content=\"2023-05-18T04:52:54+00:00\" \/>\n<meta property=\"og:image\" content=\"https:\/\/beatrizmilhazes.com\/wp-content\/uploads\/2023\/05\/MILHAZES_inst_540_20220914_JN_v448_HDR.jpg\" \/>\n<meta name=\"twitter:card\" content=\"summary_large_image\" \/>\n<meta name=\"twitter:label1\" content=\"Est. tempo de leitura\" \/>\n\t<meta name=\"twitter:data1\" content=\"6 minutos\" \/>\n<script type=\"application\/ld+json\" class=\"yoast-schema-graph\">{\"@context\":\"https:\/\/schema.org\",\"@graph\":[{\"@type\":\"WebPage\",\"@id\":\"https:\/\/beatrizmilhazes.com\/?page_id=1392\",\"url\":\"https:\/\/beatrizmilhazes.com\/?page_id=1392\",\"name\":\"Gamboa - Beatriz Milhazes\",\"isPartOf\":{\"@id\":\"https:\/\/beatrizmilhazes.com\/#website\"},\"datePublished\":\"2020-11-19T05:59:50+00:00\",\"dateModified\":\"2023-05-18T04:52:54+00:00\",\"breadcrumb\":{\"@id\":\"https:\/\/beatrizmilhazes.com\/?page_id=1392#breadcrumb\"},\"inLanguage\":\"pt-BR\",\"potentialAction\":[{\"@type\":\"ReadAction\",\"target\":[\"https:\/\/beatrizmilhazes.com\/?page_id=1392\"]}]},{\"@type\":\"BreadcrumbList\",\"@id\":\"https:\/\/beatrizmilhazes.com\/?page_id=1392#breadcrumb\",\"itemListElement\":[{\"@type\":\"ListItem\",\"position\":1,\"name\":\"In\u00edcio\",\"item\":\"https:\/\/beatrizmilhazes.com\/\"},{\"@type\":\"ListItem\",\"position\":2,\"name\":\"Gamboa\"}]},{\"@type\":\"WebSite\",\"@id\":\"https:\/\/beatrizmilhazes.com\/#website\",\"url\":\"https:\/\/beatrizmilhazes.com\/\",\"name\":\"Beatriz Milhazes\",\"description\":\"Artista Pl\u00e1stica\",\"potentialAction\":[{\"@type\":\"SearchAction\",\"target\":{\"@type\":\"EntryPoint\",\"urlTemplate\":\"https:\/\/beatrizmilhazes.com\/?s={search_term_string}\"},\"query-input\":\"required name=search_term_string\"}],\"inLanguage\":\"pt-BR\"}]}<\/script>\n<!-- \/ Yoast SEO plugin. -->","yoast_head_json":{"title":"Gamboa - Beatriz Milhazes","robots":{"index":"index","follow":"follow","max-snippet":"max-snippet:-1","max-image-preview":"max-image-preview:large","max-video-preview":"max-video-preview:-1"},"canonical":"https:\/\/beatrizmilhazes.com\/?page_id=1392","og_locale":"pt_BR","og_type":"article","og_title":"Gamboa - Beatriz Milhazes","og_description":"Gamboa III \/ Ano 2020 Gamboa II \/ Anos 2013\u20132015 Gamboa II \/ Anos 2013\u20132015 Gamboa I \/ Ano 2013 Gamboa \/ Anos 2008 &amp; 2010","og_url":"https:\/\/beatrizmilhazes.com\/?page_id=1392","og_site_name":"Beatriz Milhazes","article_modified_time":"2023-05-18T04:52:54+00:00","og_image":[{"url":"https:\/\/beatrizmilhazes.com\/wp-content\/uploads\/2023\/05\/MILHAZES_inst_540_20220914_JN_v448_HDR.jpg"}],"twitter_card":"summary_large_image","twitter_misc":{"Est. tempo de leitura":"6 minutos"},"schema":{"@context":"https:\/\/schema.org","@graph":[{"@type":"WebPage","@id":"https:\/\/beatrizmilhazes.com\/?page_id=1392","url":"https:\/\/beatrizmilhazes.com\/?page_id=1392","name":"Gamboa - Beatriz Milhazes","isPartOf":{"@id":"https:\/\/beatrizmilhazes.com\/#website"},"datePublished":"2020-11-19T05:59:50+00:00","dateModified":"2023-05-18T04:52:54+00:00","breadcrumb":{"@id":"https:\/\/beatrizmilhazes.com\/?page_id=1392#breadcrumb"},"inLanguage":"pt-BR","potentialAction":[{"@type":"ReadAction","target":["https:\/\/beatrizmilhazes.com\/?page_id=1392"]}]},{"@type":"BreadcrumbList","@id":"https:\/\/beatrizmilhazes.com\/?page_id=1392#breadcrumb","itemListElement":[{"@type":"ListItem","position":1,"name":"In\u00edcio","item":"https:\/\/beatrizmilhazes.com\/"},{"@type":"ListItem","position":2,"name":"Gamboa"}]},{"@type":"WebSite","@id":"https:\/\/beatrizmilhazes.com\/#website","url":"https:\/\/beatrizmilhazes.com\/","name":"Beatriz Milhazes","description":"Artista Pl\u00e1stica","potentialAction":[{"@type":"SearchAction","target":{"@type":"EntryPoint","urlTemplate":"https:\/\/beatrizmilhazes.com\/?s={search_term_string}"},"query-input":"required name=search_term_string"}],"inLanguage":"pt-BR"}]}},"_links":{"self":[{"href":"https:\/\/beatrizmilhazes.com\/index.php?rest_route=\/wp\/v2\/pages\/1392"}],"collection":[{"href":"https:\/\/beatrizmilhazes.com\/index.php?rest_route=\/wp\/v2\/pages"}],"about":[{"href":"https:\/\/beatrizmilhazes.com\/index.php?rest_route=\/wp\/v2\/types\/page"}],"author":[{"embeddable":true,"href":"https:\/\/beatrizmilhazes.com\/index.php?rest_route=\/wp\/v2\/users\/1"}],"replies":[{"embeddable":true,"href":"https:\/\/beatrizmilhazes.com\/index.php?rest_route=%2Fwp%2Fv2%2Fcomments&post=1392"}],"version-history":[{"count":35,"href":"https:\/\/beatrizmilhazes.com\/index.php?rest_route=\/wp\/v2\/pages\/1392\/revisions"}],"predecessor-version":[{"id":2834,"href":"https:\/\/beatrizmilhazes.com\/index.php?rest_route=\/wp\/v2\/pages\/1392\/revisions\/2834"}],"wp:attachment":[{"href":"https:\/\/beatrizmilhazes.com\/index.php?rest_route=%2Fwp%2Fv2%2Fmedia&parent=1392"}],"curies":[{"name":"wp","href":"https:\/\/api.w.org\/{rel}","templated":true}]}}